{"id":2012,"date":"2020-10-27T00:27:32","date_gmt":"2020-10-27T00:27:32","guid":{"rendered":"https:\/\/edvantis.com\/board\/"},"modified":"2023-05-23T08:30:29","modified_gmt":"2023-05-23T08:30:29","slug":"vorstand","status":"publish","type":"page","link":"https:\/\/www.edvantis.com\/de\/vorstand\/","title":{"rendered":"Vorstand"},"content":{"rendered":"<section class=\"section-container team-leadership\">\r\n    <div class=\"container\">\r\n\t\t<h2 class=\"section-title __line-gray __text-center\"><span class=\"section-title__grid __color-gray\"><span class=\"section-title__text\">Unser <b>Vorstand<\/b><\/span><\/span><\/h2>\r\n\t\t<div class=\"section-description\">\r\n\t\t\t<p>Dank unseres Vorstands kann Edvantis strategischen Weitblick behalten, hohe betriebliche Effizienzstandards aufrechterhalten und effektiv auf die festgelegten Unternehmensziele zusteuern. Gemeinsam m\u00f6chten wir das Qualit\u00e4tsniveau unserer IT-Leistungen schrittweise anheben.<\/p>\n\t\t<\/div>\r\n\t\t\t\t<div class=\"career-checked-list\">\r\n\t\t\t<h3 class=\"career-checked-list-title\">Was uns am wichtigsten ist:<\/h3>\r\n\t\t\t<div class=\"career-checked-list-items\">\r\n\t\t\t\t<ul>\r\n\t\t\t\t\t\t\t\t\t<li>Schaffung eines soliden Governance-Modells  <\/li>\r\n\t\t\t\t\t\t\t\t\t<li>Beibehaltung hoher Standards<\/li>\r\n\t\t\t\t\t\t\t\t\t<li>Investition in Humankapital<\/li>\r\n\t\t\t\t\t\t\t\t<\/ul>\r\n\t\t\t<\/div>\r\n\t\t<\/div>\r\n\t\t\t<\/div>\r\n\t<div class=\"container\">\r\n\t\t<div class=\"row team-leadership-list\">\r\n\r\n\t\t\t\r\n\t\t\t\t\t\t\t\t\t<div class=\"col-xs-12 col-sm-6 col-md-3 col-lg-3\">\r\n\t\t\t\t\t\t<div class=\"team-leadership-item js__p_start\" data-popup=\"0863846\">\r\n\t\t\t\t\t\t\t<div class=\"team-leadership-item__img\">\r\n\t\t\t\t\t\t\t\t<img decoding=\"async\" src=\"https:\/\/www.edvantis.com\/wp-content\/uploads\/2021\/02\/Myroslav-Mykhalchuk-2.jpg\" alt=\"\"\/>\r\n\t\t\t\t\t\t\t<\/div>\r\n\t\t\t\t\t\t\t<div class=\"team-leadership-item-header\">\r\n\t\t\t\t\t\t\t\t<div class=\"team-leadership-item__name\">Myroslav Mykhalchuk <\/div>\t\t\t\t\t\t\t\t\r\n\t\t\t\t\t\t\t\t<div class=\"team-leadership-item__position\">Vorstandsvorsitzender und Gr\u00fcnder von Edvantis<\/div>\t\t\t\t\t\t\t\t\r\n\t\t\t\t\t\t\t<\/div>\r\n\t\t\t\t\t\t<\/div>\r\n\t\t\t\t\t<\/div>\r\n\t\t\t\t\t<div class=\"popup js__popup js__slide_top team_popup_0863846\">\r\n\t\t\t\t\t\t<a href=\"#\" class=\"btn-circle p_close js__p_close\" title=\"Close\">\r\n\t\t\t\t\t\t  <span><\/span><span><\/span>\r\n\t\t\t\t\t\t<\/a>\r\n\t\t\t\t\t\t<div class=\"team_popup_content\">\r\n\t\t\t\t\t\t\t<div class=\"popup-photo\">\r\n\t\t\t\t\t\t\t\t<div class=\"team-leadership-item__img\">\r\n\t\t\t\t\t\t\t\t\t<img decoding=\"async\" src=\"https:\/\/www.edvantis.com\/wp-content\/uploads\/2021\/02\/Myroslav-Mykhalchuk-2.jpg\" alt=\"\"\/>\r\n\t\t\t\t\t\t\t\t<\/div>\r\n\t\t\t\t\t\t\t\t\t\t\t\t\t\t\t\t<div class=\"team-leadership-item__social __desktop\">\r\n\t\t\t\t\t\t\t\t    <a class=\"btn-circle\" href=\"https:\/\/www.linkedin.com\/in\/myromykhalchuk\/\" target=\"_blank\">\r\n\t\t\t\t\t\t\t\t\t    <div class=\"btn-icon\">\r\n\t\t\t\t\t\t\t\t\t\t\t<svg xmlns=\"http:\/\/www.w3.org\/2000\/svg\" width=\"50\" height=\"50\" viewBox=\"0 0 50 50\" fill=\"none\">\r\n\t\t\t\t\t\t\t\t\t\t\t\t<rect y=\"0.000976562\" width=\"50\" height=\"50\" rx=\"25\" fill=\"url(#paint0_linear_223_5247)\"><\/rect>\r\n\t\t\t\t\t\t\t\t\t\t\t\t<path d=\"M19.4617 14.0227C19.4617 15.6915 18.0152 17.0444 16.2309 17.0444C14.4465 17.0444 13 15.6915 13 14.0227C13 12.3538 14.4465 11.001 16.2309 11.001C18.0152 11.001 19.4617 12.3538 19.4617 14.0227Z\" fill=\"white\"><\/path>\r\n\t\t\t\t\t\t\t\t\t\t\t\t<path d=\"M13.4418 19.2654H18.9647V36.001H13.4418V19.2654Z\" fill=\"white\"><\/path>\r\n\t\t\t\t\t\t\t\t\t\t\t\t<path d=\"M27.8564 19.2654H22.3336V36.001H27.8564C27.8564 36.001 27.8564 30.7324 27.8564 27.4382C27.8564 25.461 28.5315 23.4752 31.2253 23.4752C34.2697 23.4752 34.2513 26.0626 34.2372 28.0672C34.2186 30.6875 34.2629 33.3614 34.2629 36.001H39.7857V27.1683C39.7389 21.5284 38.2693 18.9297 33.4345 18.9297C30.5632 18.9297 28.7834 20.2332 27.8564 21.4126V19.2654Z\" fill=\"white\"><\/path>\r\n\t\t\t\t\t\t\t\t\t\t\t\t<defs><linearGradient id=\"paint0_linear_223_5247\" x1=\"25.1938\" y1=\"57.5767\" x2=\"37.6231\" y2=\"2.33945\" gradientUnits=\"userSpaceOnUse\"><stop stop-color=\"#5DD99D\" stop-opacity=\"0.9\"><\/stop><stop offset=\"1\" stop-color=\"#00BF63\"><\/stop><\/linearGradient><\/defs>\r\n\t\t\t\t\t\t\t\t\t\t\t<\/svg> \r\n\t\t\t\t\t\t\t\t\t\t<\/div>\r\n\t\t\t\t\t\t\t\t\t<\/a>\r\n\t\t\t\t\t\t\t\t<\/div>\r\n\t\t\t\t\t\t\t\t\t\t\t\t\t\t\t<\/div>\r\n\t\t\t\t\t\t\t<div class=\"popup-text\">\r\n\t\t\t\t\t\t\t<div class=\"popup-text-wrapper\">\r\n\t\t\t\t\t\t\t    <div class=\"team-leadership-item__name\">Myroslav Mykhalchuk <\/div>\r\n\t\t\t\t\t\t\t\t\t\t\t\t\t\t\t\t<div class=\"team-leadership-item__social __mobile\">\r\n\t\t\t\t\t\t\t\t    <a class=\"btn-circle\" href=\"https:\/\/www.linkedin.com\/in\/myromykhalchuk\/\" target=\"_blank\">\r\n\t\t\t\t\t\t\t\t\t    <div class=\"btn-icon\">\r\n\t\t\t\t\t\t\t\t\t\t\t<svg xmlns=\"http:\/\/www.w3.org\/2000\/svg\" width=\"50\" height=\"50\" viewBox=\"0 0 50 50\" fill=\"none\">\r\n\t\t\t\t\t\t\t\t\t\t\t\t<rect y=\"0.000976562\" width=\"50\" height=\"50\" rx=\"25\" fill=\"url(#paint0_linear_223_5247)\"><\/rect>\r\n\t\t\t\t\t\t\t\t\t\t\t\t<path d=\"M19.4617 14.0227C19.4617 15.6915 18.0152 17.0444 16.2309 17.0444C14.4465 17.0444 13 15.6915 13 14.0227C13 12.3538 14.4465 11.001 16.2309 11.001C18.0152 11.001 19.4617 12.3538 19.4617 14.0227Z\" fill=\"white\"><\/path>\r\n\t\t\t\t\t\t\t\t\t\t\t\t<path d=\"M13.4418 19.2654H18.9647V36.001H13.4418V19.2654Z\" fill=\"white\"><\/path>\r\n\t\t\t\t\t\t\t\t\t\t\t\t<path d=\"M27.8564 19.2654H22.3336V36.001H27.8564C27.8564 36.001 27.8564 30.7324 27.8564 27.4382C27.8564 25.461 28.5315 23.4752 31.2253 23.4752C34.2697 23.4752 34.2513 26.0626 34.2372 28.0672C34.2186 30.6875 34.2629 33.3614 34.2629 36.001H39.7857V27.1683C39.7389 21.5284 38.2693 18.9297 33.4345 18.9297C30.5632 18.9297 28.7834 20.2332 27.8564 21.4126V19.2654Z\" fill=\"white\"><\/path>\r\n\t\t\t\t\t\t\t\t\t\t\t\t<defs><linearGradient id=\"paint0_linear_223_5247\" x1=\"25.1938\" y1=\"57.5767\" x2=\"37.6231\" y2=\"2.33945\" gradientUnits=\"userSpaceOnUse\"><stop stop-color=\"#5DD99D\" stop-opacity=\"0.9\"><\/stop><stop offset=\"1\" stop-color=\"#00BF63\"><\/stop><\/linearGradient><\/defs>\r\n\t\t\t\t\t\t\t\t\t\t\t<\/svg> \r\n\t\t\t\t\t\t\t\t\t\t<\/div>\r\n\t\t\t\t\t\t\t\t\t<\/a>\r\n\t\t\t\t\t\t\t\t<\/div>\r\n\t\t\t\t\t\t\t\t\t\t\t\t\t\t\t\t<div class=\"team-leadership-item__position\">Vorstandsvorsitzender und Gr\u00fcnder von Edvantis<\/div>\r\n\t\t\t\t\t\t\t\t<p>Seine Karriere begann Myroslav Mykhalchuk 1993 in der ITO\/BPO-Branche. Im Jahr 2005 gr\u00fcndete er Edvantis und war 15\u202fJahre als CEO t\u00e4tig. Unter seiner F\u00fchrung lieferte das Unternehmen 500\u202fProjekte und besch\u00e4ftigt nun 250\u202fMitarbeiter. Als Vorstandvorsitzender sorgt Myroslav weiterhin daf\u00fcr, dass Edvantis seinen Ruf als f\u00fchrender Softwareanbieter beh\u00e4lt und das F\u00fchrungsteam neue, ambitionierte Gesch\u00e4ftsziele erreicht.<\/p>\n<p>Neben Edvantis hat er weitere technologieorientierte Unternehmen gegr\u00fcndet und in diese investiert, wie BPO Nextdoor, Say2GO und das westukrainische Innovationszentrum. Er besitzt einen M.Sc. und einen Ph.D. der Nationalen Polytechnischen Universit\u00e4t Lwiw und hat Programme der York University (Toronto), der Universit\u00e4t Strathclyde (Glasgow) und der University of Texas (Austin) absolviert.<\/p>\n\t\t\t\t\t\t\t<\/div>\r\n\t\t\t\t\t\t\t<\/div>\r\n\t\t\t\t\t\t\r\n\t\t\t\t\t\t<\/div>\r\n\t\t\t\t\t<\/div>\r\n\t\t\t\t\t\t\t\t\t<div class=\"col-xs-12 col-sm-6 col-md-3 col-lg-3\">\r\n\t\t\t\t\t\t<div class=\"team-leadership-item js__p_start\" data-popup=\"1863846\">\r\n\t\t\t\t\t\t\t<div class=\"team-leadership-item__img\">\r\n\t\t\t\t\t\t\t\t<img decoding=\"async\" src=\"https:\/\/www.edvantis.com\/wp-content\/uploads\/2021\/02\/Tetyana-Huley-1.jpg\" alt=\"\"\/>\r\n\t\t\t\t\t\t\t<\/div>\r\n\t\t\t\t\t\t\t<div class=\"team-leadership-item-header\">\r\n\t\t\t\t\t\t\t\t<div class=\"team-leadership-item__name\">Tetyana Huley<\/div>\t\t\t\t\t\t\t\t\r\n\t\t\t\t\t\t\t\t<div class=\"team-leadership-item__position\">Vorstandsmitglied und Mitgr\u00fcnderin von Edvantis<\/div>\t\t\t\t\t\t\t\t\r\n\t\t\t\t\t\t\t<\/div>\r\n\t\t\t\t\t\t<\/div>\r\n\t\t\t\t\t<\/div>\r\n\t\t\t\t\t<div class=\"popup js__popup js__slide_top team_popup_1863846\">\r\n\t\t\t\t\t\t<a href=\"#\" class=\"btn-circle p_close js__p_close\" title=\"Close\">\r\n\t\t\t\t\t\t  <span><\/span><span><\/span>\r\n\t\t\t\t\t\t<\/a>\r\n\t\t\t\t\t\t<div class=\"team_popup_content\">\r\n\t\t\t\t\t\t\t<div class=\"popup-photo\">\r\n\t\t\t\t\t\t\t\t<div class=\"team-leadership-item__img\">\r\n\t\t\t\t\t\t\t\t\t<img decoding=\"async\" src=\"https:\/\/www.edvantis.com\/wp-content\/uploads\/2021\/02\/Tetyana-Huley-1.jpg\" alt=\"\"\/>\r\n\t\t\t\t\t\t\t\t<\/div>\r\n\t\t\t\t\t\t\t\t\t\t\t\t\t\t\t<\/div>\r\n\t\t\t\t\t\t\t<div class=\"popup-text\">\r\n\t\t\t\t\t\t\t<div class=\"popup-text-wrapper\">\r\n\t\t\t\t\t\t\t    <div class=\"team-leadership-item__name\">Tetyana Huley<\/div>\r\n\t\t\t\t\t\t\t\t\t\t\t\t\t\t\t\t<div class=\"team-leadership-item__position\">Vorstandsmitglied und Mitgr\u00fcnderin von Edvantis<\/div>\r\n\t\t\t\t\t\t\t\t<p>Tetyana Huley ist Mitgr\u00fcnderin von Edvantis und war bis 2019 gesch\u00e4ftsf\u00fchrende Vizepr\u00e4sidentin f\u00fcr Finanzen und Finanzvorstand des Unternehmens. Sie verf\u00fcgt \u00fcber umfangreiche Fachkenntnisse in Finanzen und Management sowie weitreichende Kenntnis der IT-Outsourcing-Branche. In ihrer derzeitigen Rolle als Vorstandsmitglied sorgt Tetyana daf\u00fcr, dass Edvantis starke finanzielle KPI beibeh\u00e4lt.<\/p>\n<p>Bevor sie zu Edvantis stie\u00df, war Tetyana Leiterin der IT-Abteilung am Internationalen Institut f\u00fcr Bildung, Kultur und Diaspora-Beziehungen sowie Leiterin der Finanzabteilung bei SoftServe. Im Jahr 2009 gr\u00fcndete sie gemeinsam mit Myroslav BPO Nextdoor und half dem Unternehmen bei der Entwicklung zu einem bedeutenden Marktteilnehmer, der ein j\u00e4hrliches, nachhaltiges finanzielles Wachstum vorweisen kann.<\/p>\n\t\t\t\t\t\t\t<\/div>\r\n\t\t\t\t\t\t\t<\/div>\r\n\t\t\t\t\t\t\r\n\t\t\t\t\t\t<\/div>\r\n\t\t\t\t\t<\/div>\r\n\t\t\t\t\t\t\t\t\t<div class=\"col-xs-12 col-sm-6 col-md-3 col-lg-3\">\r\n\t\t\t\t\t\t<div class=\"team-leadership-item js__p_start\" data-popup=\"2863846\">\r\n\t\t\t\t\t\t\t<div class=\"team-leadership-item__img\">\r\n\t\t\t\t\t\t\t\t<img decoding=\"async\" src=\"https:\/\/www.edvantis.com\/wp-content\/uploads\/2021\/02\/Ruslan-Zakharchenko-3.jpg\" alt=\"\"\/>\r\n\t\t\t\t\t\t\t<\/div>\r\n\t\t\t\t\t\t\t<div class=\"team-leadership-item-header\">\r\n\t\t\t\t\t\t\t\t<div class=\"team-leadership-item__name\">Ruslan Zakharchenko<\/div>\t\t\t\t\t\t\t\t\r\n\t\t\t\t\t\t\t\t<div class=\"team-leadership-item__position\">Vorstandsmitglied und CEO<\/div>\t\t\t\t\t\t\t\t\r\n\t\t\t\t\t\t\t<\/div>\r\n\t\t\t\t\t\t<\/div>\r\n\t\t\t\t\t<\/div>\r\n\t\t\t\t\t<div class=\"popup js__popup js__slide_top team_popup_2863846\">\r\n\t\t\t\t\t\t<a href=\"#\" class=\"btn-circle p_close js__p_close\" title=\"Close\">\r\n\t\t\t\t\t\t  <span><\/span><span><\/span>\r\n\t\t\t\t\t\t<\/a>\r\n\t\t\t\t\t\t<div class=\"team_popup_content\">\r\n\t\t\t\t\t\t\t<div class=\"popup-photo\">\r\n\t\t\t\t\t\t\t\t<div class=\"team-leadership-item__img\">\r\n\t\t\t\t\t\t\t\t\t<img decoding=\"async\" src=\"https:\/\/www.edvantis.com\/wp-content\/uploads\/2021\/02\/Ruslan-Zakharchenko-3.jpg\" alt=\"\"\/>\r\n\t\t\t\t\t\t\t\t<\/div>\r\n\t\t\t\t\t\t\t\t\t\t\t\t\t\t\t\t<div class=\"team-leadership-item__social __desktop\">\r\n\t\t\t\t\t\t\t\t    <a class=\"btn-circle\" href=\"https:\/\/ua.linkedin.com\/in\/ruslan-zakharchenko-a2579a5\" target=\"_blank\">\r\n\t\t\t\t\t\t\t\t\t    <div class=\"btn-icon\">\r\n\t\t\t\t\t\t\t\t\t\t\t<svg xmlns=\"http:\/\/www.w3.org\/2000\/svg\" width=\"50\" height=\"50\" viewBox=\"0 0 50 50\" fill=\"none\">\r\n\t\t\t\t\t\t\t\t\t\t\t\t<rect y=\"0.000976562\" width=\"50\" height=\"50\" rx=\"25\" fill=\"url(#paint0_linear_223_5247)\"><\/rect>\r\n\t\t\t\t\t\t\t\t\t\t\t\t<path d=\"M19.4617 14.0227C19.4617 15.6915 18.0152 17.0444 16.2309 17.0444C14.4465 17.0444 13 15.6915 13 14.0227C13 12.3538 14.4465 11.001 16.2309 11.001C18.0152 11.001 19.4617 12.3538 19.4617 14.0227Z\" fill=\"white\"><\/path>\r\n\t\t\t\t\t\t\t\t\t\t\t\t<path d=\"M13.4418 19.2654H18.9647V36.001H13.4418V19.2654Z\" fill=\"white\"><\/path>\r\n\t\t\t\t\t\t\t\t\t\t\t\t<path d=\"M27.8564 19.2654H22.3336V36.001H27.8564C27.8564 36.001 27.8564 30.7324 27.8564 27.4382C27.8564 25.461 28.5315 23.4752 31.2253 23.4752C34.2697 23.4752 34.2513 26.0626 34.2372 28.0672C34.2186 30.6875 34.2629 33.3614 34.2629 36.001H39.7857V27.1683C39.7389 21.5284 38.2693 18.9297 33.4345 18.9297C30.5632 18.9297 28.7834 20.2332 27.8564 21.4126V19.2654Z\" fill=\"white\"><\/path>\r\n\t\t\t\t\t\t\t\t\t\t\t\t<defs><linearGradient id=\"paint0_linear_223_5247\" x1=\"25.1938\" y1=\"57.5767\" x2=\"37.6231\" y2=\"2.33945\" gradientUnits=\"userSpaceOnUse\"><stop stop-color=\"#5DD99D\" stop-opacity=\"0.9\"><\/stop><stop offset=\"1\" stop-color=\"#00BF63\"><\/stop><\/linearGradient><\/defs>\r\n\t\t\t\t\t\t\t\t\t\t\t<\/svg> \r\n\t\t\t\t\t\t\t\t\t\t<\/div>\r\n\t\t\t\t\t\t\t\t\t<\/a>\r\n\t\t\t\t\t\t\t\t<\/div>\r\n\t\t\t\t\t\t\t\t\t\t\t\t\t\t\t<\/div>\r\n\t\t\t\t\t\t\t<div class=\"popup-text\">\r\n\t\t\t\t\t\t\t<div class=\"popup-text-wrapper\">\r\n\t\t\t\t\t\t\t    <div class=\"team-leadership-item__name\">Ruslan Zakharchenko<\/div>\r\n\t\t\t\t\t\t\t\t\t\t\t\t\t\t\t\t<div class=\"team-leadership-item__social __mobile\">\r\n\t\t\t\t\t\t\t\t    <a class=\"btn-circle\" href=\"https:\/\/ua.linkedin.com\/in\/ruslan-zakharchenko-a2579a5\" target=\"_blank\">\r\n\t\t\t\t\t\t\t\t\t    <div class=\"btn-icon\">\r\n\t\t\t\t\t\t\t\t\t\t\t<svg xmlns=\"http:\/\/www.w3.org\/2000\/svg\" width=\"50\" height=\"50\" viewBox=\"0 0 50 50\" fill=\"none\">\r\n\t\t\t\t\t\t\t\t\t\t\t\t<rect y=\"0.000976562\" width=\"50\" height=\"50\" rx=\"25\" fill=\"url(#paint0_linear_223_5247)\"><\/rect>\r\n\t\t\t\t\t\t\t\t\t\t\t\t<path d=\"M19.4617 14.0227C19.4617 15.6915 18.0152 17.0444 16.2309 17.0444C14.4465 17.0444 13 15.6915 13 14.0227C13 12.3538 14.4465 11.001 16.2309 11.001C18.0152 11.001 19.4617 12.3538 19.4617 14.0227Z\" fill=\"white\"><\/path>\r\n\t\t\t\t\t\t\t\t\t\t\t\t<path d=\"M13.4418 19.2654H18.9647V36.001H13.4418V19.2654Z\" fill=\"white\"><\/path>\r\n\t\t\t\t\t\t\t\t\t\t\t\t<path d=\"M27.8564 19.2654H22.3336V36.001H27.8564C27.8564 36.001 27.8564 30.7324 27.8564 27.4382C27.8564 25.461 28.5315 23.4752 31.2253 23.4752C34.2697 23.4752 34.2513 26.0626 34.2372 28.0672C34.2186 30.6875 34.2629 33.3614 34.2629 36.001H39.7857V27.1683C39.7389 21.5284 38.2693 18.9297 33.4345 18.9297C30.5632 18.9297 28.7834 20.2332 27.8564 21.4126V19.2654Z\" fill=\"white\"><\/path>\r\n\t\t\t\t\t\t\t\t\t\t\t\t<defs><linearGradient id=\"paint0_linear_223_5247\" x1=\"25.1938\" y1=\"57.5767\" x2=\"37.6231\" y2=\"2.33945\" gradientUnits=\"userSpaceOnUse\"><stop stop-color=\"#5DD99D\" stop-opacity=\"0.9\"><\/stop><stop offset=\"1\" stop-color=\"#00BF63\"><\/stop><\/linearGradient><\/defs>\r\n\t\t\t\t\t\t\t\t\t\t\t<\/svg> \r\n\t\t\t\t\t\t\t\t\t\t<\/div>\r\n\t\t\t\t\t\t\t\t\t<\/a>\r\n\t\t\t\t\t\t\t\t<\/div>\r\n\t\t\t\t\t\t\t\t\t\t\t\t\t\t\t\t<div class=\"team-leadership-item__position\">Vorstandsmitglied und CEO<\/div>\r\n\t\t\t\t\t\t\t\t<p>Ruslan Zakharchenko ist aktuell der CEO von Edvantis und gesch\u00e4ftsf\u00fchrender Gesellschafter bei NP Consulting.<\/p>\n<p>Er ist ein erfahrener Gesch\u00e4ftsf\u00fchrer und hat mehrere Jahrzehnte in der IT-Branche gearbeitet. Bevor Ruslan im Oktober 2019 zu Edvantis stie\u00df, war er Vorstandsmitglied bei einem der zehn gr\u00f6\u00dften IT-Outsourcing-Unternehmen der Ukraine und hatte F\u00fchrungspositionen bei verschiedenen Unternehmen inne. In seiner letzten Amtszeit als CEO f\u00fchrte er umfangreiche Gesch\u00e4ftstransformationen an, welche zu einem j\u00e4hrlichen Wachstum um 40\u202f% f\u00fchrten. Zu seinen Kernkompetenzen geh\u00f6ren IT-Strategie, Gesch\u00e4ftsmodellentwicklung und \u00c4nderungsmanagement.<\/p>\n<p>Ruslan besitzt einen Executive MBA der Business School Kiew-Mohyla und einen Master in Angewandter Mathematik der Nationalen Iwan-Franko-Universit\u00e4t Lwiw.<\/p>\n\t\t\t\t\t\t\t<\/div>\r\n\t\t\t\t\t\t\t<\/div>\r\n\t\t\t\t\t\t\r\n\t\t\t\t\t\t<\/div>\r\n\t\t\t\t\t<\/div>\r\n\t\t\t\t\t\t\t<div class=\"p_body js__p_body js__fadeout\"><\/div>\r\n\t\t<\/div>\r\n\t<\/div>\r\n<\/section>\r\n\n\n<section class=\"team-testimonial \">\r\n\t<div class=\"team-testimonial-container\">\r\n\t\t<div class=\"container\">\r\n\t\t\t<div class=\"team-testimonial-description\"><p style=\"text-align: center;\">The Edvantis team is comprised of experts with a deep understanding of their subject matter. The client&#8217;s third-party customers have always been satisfied with their work, leading to long-sustained relationships. They&#8217;ve showcased an exceptional workflow and have now become an important partner.<\/p>\n<\/div>\r\n\r\n\t\t\t<div class=\"team-testimonial-footer not-vote justify-items-center\">\r\n\r\n\t\t\t\t\r\n\t\t\t\t\t\t\t\t\t<div class=\"team-testimonial-author\">Jeff Hotz<\/div>\r\n\t\t\t\t\t\t\t\t\t\t\t\t\t<div class=\"team-testimonial-position\">President, TESTCo<\/div>\r\n\t\t\t\t\t\t\t\t\t\t\t<\/div>\r\n\t\t<\/div>\r\n\t<\/div>\r\n<\/section>\r\n\n\n\r\n<section class=\"section-container team-values __purple\">\r\n\t<div class=\"container\">\r\n\t\t<div class=\"row team-values-wraper\">\r\n\t\t\t<div class=\"col-lg-4 col-md-6 col-sm-12\">\r\n\t\t\t\t<h2 class=\"section-title __line-gray\">\r\n\t\t\t\t\t<span class=\"section-title__text\"><b>Teamwerte<\/b><\/span>\r\n\t\t\t\t<\/h2>\r\n\t\t\t<\/div>\r\n\t\t\t\r\n\t\t\t\t\t\t\t\t\t<div class=\"col-lg-4 col-md-6 col-sm-12\">\r\n\t\t\t\t\t\t<div class=\"team-values-item\" data-hover-js=\"more\">\r\n\t\t\t\t\t\t\t<div class=\"team-values-item-icon\"><img decoding=\"async\" src=\"https:\/\/www.edvantis.com\/wp-content\/uploads\/2023\/04\/team-values-block1.svg\"><\/div>\r\n\t\t\t\t\t\t\t<div class=\"team-values-item-text __purple\">Kundenfokus<\/div>\r\n\t\t\t\t\t\t\t<div class=\"team-values-item__description\"><p>Das Wissenschaos vertreibt die Produktivit\u00e4t der Teams und sorgt daf\u00fcr, dass \u00fcberfl\u00fcssige Fragen im Arbeitsbereich herumfliegen.<\/p>\n<\/div>\r\n\t\t\t\t\t\t<\/div>\r\n\t\t\t\t\t<\/div>\r\n\t\t\t\t\t\t\t\t\t<div class=\"col-lg-4 col-md-6 col-sm-12\">\r\n\t\t\t\t\t\t<div class=\"team-values-item\" data-hover-js=\"more\">\r\n\t\t\t\t\t\t\t<div class=\"team-values-item-icon\"><img decoding=\"async\" src=\"https:\/\/www.edvantis.com\/wp-content\/uploads\/2023\/04\/team-values-block2.svg\"><\/div>\r\n\t\t\t\t\t\t\t<div class=\"team-values-item-text __orange\">Professionalit\u00e4t<\/div>\r\n\t\t\t\t\t\t\t<div class=\"team-values-item__description\"><p>Hohe Qualit\u00e4tsstandards bei der Arbeit, Ehrlichkeit und Integrit\u00e4t, effektive und angemessene Kommunikation am Arbeitsplatz und immer einen Weg finden, produktiv zu sein.<\/p>\n<\/div>\r\n\t\t\t\t\t\t<\/div>\r\n\t\t\t\t\t<\/div>\r\n\t\t\t\t\t\t\t\t\t<div class=\"col-lg-4 col-md-6 col-sm-12\">\r\n\t\t\t\t\t\t<div class=\"team-values-item\" data-hover-js=\"more\">\r\n\t\t\t\t\t\t\t<div class=\"team-values-item-icon\"><img decoding=\"async\" src=\"https:\/\/www.edvantis.com\/wp-content\/uploads\/2023\/04\/team-values-block3.svg\"><\/div>\r\n\t\t\t\t\t\t\t<div class=\"team-values-item-text __yellow\">Teamarbeit<\/div>\r\n\t\t\t\t\t\t\t<div class=\"team-values-item__description\"><p>Wir sind respektvoll und unterst\u00fctzen uns gegenseitig. Wir leiten einander an und lernen voneinander im Dienst und im Wissen.<\/p>\n<\/div>\r\n\t\t\t\t\t\t<\/div>\r\n\t\t\t\t\t<\/div>\r\n\t\t\t\t\t\t\t\t\t<div class=\"col-lg-4 col-md-6 col-sm-12\">\r\n\t\t\t\t\t\t<div class=\"team-values-item\" data-hover-js=\"more\">\r\n\t\t\t\t\t\t\t<div class=\"team-values-item-icon\"><img decoding=\"async\" src=\"https:\/\/www.edvantis.com\/wp-content\/uploads\/2023\/04\/team-values-block4.svg\"><\/div>\r\n\t\t\t\t\t\t\t<div class=\"team-values-item-text __green\">Verantwortlichkeit<\/div>\r\n\t\t\t\t\t\t\t<div class=\"team-values-item__description\"><p>Es geht nicht nur um pers\u00f6nliche Verantwortung, sondern auch darum, f\u00fcr Taten und Worte verantwortlich zu sein und die Verantwortung f\u00fcr Ergebnisse und Resultate zu \u00fcbernehmen.<\/p>\n<\/div>\r\n\t\t\t\t\t\t<\/div>\r\n\t\t\t\t\t<\/div>\r\n\t\t\t\t\t\t\t\t\t<div class=\"col-lg-4 col-md-6 col-sm-12\">\r\n\t\t\t\t\t\t<div class=\"team-values-item\" data-hover-js=\"more\">\r\n\t\t\t\t\t\t\t<div class=\"team-values-item-icon\"><img decoding=\"async\" src=\"https:\/\/www.edvantis.com\/wp-content\/uploads\/2023\/04\/team-values-block5.svg\"><\/div>\r\n\t\t\t\t\t\t\t<div class=\"team-values-item-text __blue\">Innovationen<\/div>\r\n\t\t\t\t\t\t\t<div class=\"team-values-item__description\"><p>Innovation bedeutet, neue Ideen zu nutzen und dabei die F\u00e4higkeit zu kreativem Denken, Probleml\u00f6sungskompetenz sowie funktionale und technische F\u00e4higkeiten zu kombinieren.<\/p>\n<\/div>\r\n\t\t\t\t\t\t<\/div>\r\n\t\t\t\t\t<\/div>\r\n\t\t\t\t\r\n\t\t<\/div>\r\n\t<\/div>\r\n<\/section>\r\n","protected":false},"excerpt":{"rendered":"","protected":false},"author":1,"featured_media":0,"parent":0,"menu_order":0,"comment_status":"closed","ping_status":"closed","template":"","meta":{"_acf_changed":false,"content-type":"","footnotes":""},"class_list":["post-2012","page","type-page","status-publish","hentry"],"acf":[],"yoast_head":"<!-- This site is optimized with the Yoast SEO plugin v27.1.1 - https:\/\/yoast.com\/product\/yoast-seo-wordpress\/ -->\n<title>Vorstand | Edvantis<\/title>\n<meta name=\"description\" content=\"Lernen Sie die wichtigsten F\u00fchrungskr\u00e4fte von Edvantis kennen, einem erfahrenen IT-Outsourcing-Anbieter mit globaler Pr\u00e4senz und 2\u202fJahrzehnten Erfahrung.\" \/>\n<meta name=\"robots\" content=\"index, follow, max-snippet:-1, max-image-preview:large, max-video-preview:-1\" \/>\n<link rel=\"canonical\" href=\"https:\/\/www.edvantis.com\/de\/vorstand\/\" \/>\n<meta property=\"og:locale\" content=\"de_DE\" \/>\n<meta property=\"og:type\" content=\"article\" \/>\n<meta property=\"og:title\" content=\"Vorstand | Edvantis\" \/>\n<meta property=\"og:description\" content=\"Lernen Sie die wichtigsten F\u00fchrungskr\u00e4fte von Edvantis kennen, einem erfahrenen IT-Outsourcing-Anbieter mit globaler Pr\u00e4senz und 2\u202fJahrzehnten Erfahrung.\" \/>\n<meta property=\"og:url\" content=\"https:\/\/www.edvantis.com\/de\/vorstand\/\" \/>\n<meta property=\"og:site_name\" content=\"Edvantis\" \/>\n<meta property=\"article:modified_time\" content=\"2023-05-23T08:30:29+00:00\" \/>\n<meta name=\"twitter:card\" content=\"summary_large_image\" \/>\n<script type=\"application\/ld+json\" class=\"yoast-schema-graph\">{\"@context\":\"https:\/\/schema.org\",\"@graph\":[{\"@type\":\"WebPage\",\"@id\":\"https:\/\/www.edvantis.com\/de\/vorstand\/\",\"url\":\"https:\/\/www.edvantis.com\/de\/vorstand\/\",\"name\":\"Vorstand | Edvantis\",\"isPartOf\":{\"@id\":\"https:\/\/www.edvantis.com\/de\/#website\"},\"datePublished\":\"2020-10-27T00:27:32+00:00\",\"dateModified\":\"2023-05-23T08:30:29+00:00\",\"description\":\"Lernen Sie die wichtigsten F\u00fchrungskr\u00e4fte von Edvantis kennen, einem erfahrenen IT-Outsourcing-Anbieter mit globaler Pr\u00e4senz und 2\u202fJahrzehnten Erfahrung.\",\"breadcrumb\":{\"@id\":\"https:\/\/www.edvantis.com\/de\/vorstand\/#breadcrumb\"},\"inLanguage\":\"de\",\"potentialAction\":[{\"@type\":\"ReadAction\",\"target\":[\"https:\/\/www.edvantis.com\/de\/vorstand\/\"]}]},{\"@type\":\"BreadcrumbList\",\"@id\":\"https:\/\/www.edvantis.com\/de\/vorstand\/#breadcrumb\",\"itemListElement\":[{\"@type\":\"ListItem\",\"position\":1,\"name\":\"Startseite\",\"item\":\"https:\/\/www.edvantis.com\/de\/\"},{\"@type\":\"ListItem\",\"position\":2,\"name\":\"Vorstand\"}]},{\"@type\":\"WebSite\",\"@id\":\"https:\/\/www.edvantis.com\/de\/#website\",\"url\":\"https:\/\/www.edvantis.com\/de\/\",\"name\":\"Edvantis\",\"description\":\"Edvantis | IT Outsourcing &amp; Custom Software Development\",\"potentialAction\":[{\"@type\":\"SearchAction\",\"target\":{\"@type\":\"EntryPoint\",\"urlTemplate\":\"https:\/\/www.edvantis.com\/de\/?s={search_term_string}\"},\"query-input\":{\"@type\":\"PropertyValueSpecification\",\"valueRequired\":true,\"valueName\":\"search_term_string\"}}],\"inLanguage\":\"de\"}]}<\/script>\n<!-- \/ Yoast SEO plugin. -->","yoast_head_json":{"title":"Vorstand | Edvantis","description":"Lernen Sie die wichtigsten F\u00fchrungskr\u00e4fte von Edvantis kennen, einem erfahrenen IT-Outsourcing-Anbieter mit globaler Pr\u00e4senz und 2\u202fJahrzehnten Erfahrung.","robots":{"index":"index","follow":"follow","max-snippet":"max-snippet:-1","max-image-preview":"max-image-preview:large","max-video-preview":"max-video-preview:-1"},"canonical":"https:\/\/www.edvantis.com\/de\/vorstand\/","og_locale":"de_DE","og_type":"article","og_title":"Vorstand | Edvantis","og_description":"Lernen Sie die wichtigsten F\u00fchrungskr\u00e4fte von Edvantis kennen, einem erfahrenen IT-Outsourcing-Anbieter mit globaler Pr\u00e4senz und 2\u202fJahrzehnten Erfahrung.","og_url":"https:\/\/www.edvantis.com\/de\/vorstand\/","og_site_name":"Edvantis","article_modified_time":"2023-05-23T08:30:29+00:00","twitter_card":"summary_large_image","schema":{"@context":"https:\/\/schema.org","@graph":[{"@type":"WebPage","@id":"https:\/\/www.edvantis.com\/de\/vorstand\/","url":"https:\/\/www.edvantis.com\/de\/vorstand\/","name":"Vorstand | Edvantis","isPartOf":{"@id":"https:\/\/www.edvantis.com\/de\/#website"},"datePublished":"2020-10-27T00:27:32+00:00","dateModified":"2023-05-23T08:30:29+00:00","description":"Lernen Sie die wichtigsten F\u00fchrungskr\u00e4fte von Edvantis kennen, einem erfahrenen IT-Outsourcing-Anbieter mit globaler Pr\u00e4senz und 2\u202fJahrzehnten Erfahrung.","breadcrumb":{"@id":"https:\/\/www.edvantis.com\/de\/vorstand\/#breadcrumb"},"inLanguage":"de","potentialAction":[{"@type":"ReadAction","target":["https:\/\/www.edvantis.com\/de\/vorstand\/"]}]},{"@type":"BreadcrumbList","@id":"https:\/\/www.edvantis.com\/de\/vorstand\/#breadcrumb","itemListElement":[{"@type":"ListItem","position":1,"name":"Startseite","item":"https:\/\/www.edvantis.com\/de\/"},{"@type":"ListItem","position":2,"name":"Vorstand"}]},{"@type":"WebSite","@id":"https:\/\/www.edvantis.com\/de\/#website","url":"https:\/\/www.edvantis.com\/de\/","name":"Edvantis","description":"Edvantis | IT Outsourcing &amp; Custom Software Development","potentialAction":[{"@type":"SearchAction","target":{"@type":"EntryPoint","urlTemplate":"https:\/\/www.edvantis.com\/de\/?s={search_term_string}"},"query-input":{"@type":"PropertyValueSpecification","valueRequired":true,"valueName":"search_term_string"}}],"inLanguage":"de"}]}},"_links":{"self":[{"href":"https:\/\/www.edvantis.com\/de\/wp-json\/wp\/v2\/pages\/2012","targetHints":{"allow":["GET"]}}],"collection":[{"href":"https:\/\/www.edvantis.com\/de\/wp-json\/wp\/v2\/pages"}],"about":[{"href":"https:\/\/www.edvantis.com\/de\/wp-json\/wp\/v2\/types\/page"}],"author":[{"embeddable":true,"href":"https:\/\/www.edvantis.com\/de\/wp-json\/wp\/v2\/users\/1"}],"replies":[{"embeddable":true,"href":"https:\/\/www.edvantis.com\/de\/wp-json\/wp\/v2\/comments?post=2012"}],"version-history":[{"count":0,"href":"https:\/\/www.edvantis.com\/de\/wp-json\/wp\/v2\/pages\/2012\/revisions"}],"wp:attachment":[{"href":"https:\/\/www.edvantis.com\/de\/wp-json\/wp\/v2\/media?parent=2012"}],"curies":[{"name":"wp","href":"https:\/\/api.w.org\/{rel}","templated":true}]}}