{"id":2024,"date":"2020-12-31T12:23:41","date_gmt":"2020-12-31T12:23:41","guid":{"rendered":"https:\/\/edvantis.com\/site-map\/"},"modified":"2023-03-02T14:27:47","modified_gmt":"2023-03-02T14:27:47","slug":"seitenubersicht","status":"publish","type":"page","link":"https:\/\/www.edvantis.com\/de\/seitenubersicht\/","title":{"rendered":"Seiten\u00fcbersicht"},"content":{"rendered":"<div class=\"site-map-container __container-space\">\r\n\t<div class=\"container\">\r\n\t\t<div class=\"row\">\r\n\t\t\t<div class=\"col-md-6 col-lg-6\">\r\n\t\t\t\t\t\t\t\t\t\r\n\t\t\t\t\t\t<div class=\"site-map-container-col\">\r\n\r\n\t\t\t\t\t\t\t\t\t\t\t\t\t\t\t<h3 class=\"site-map-container-col__title\"><a href=\"https:\/\/www.edvantis.com\/de\/dienstleistungen\/\">Dienstleistungen<\/a><\/h3>\r\n\t\t\t\t\t\t\t\r\n\t\t\t\t\t\t\t\t\t\t\t\t\t\t\t<ul class=\"site-map-container-col__list\">\r\n\t\t\t\t\t\t\t\t\t\r\n\t\t\t\t\t\t\t\t\t\t\t\t\t\t\t\t\t\t\t\t\t<li class=\"site-map-container-col__list__item\">\r\n\t\t\t\t\t\t\t\t\t\t\t\t<a class=\"site-map-container-col__list__item__link\" href=\"https:\/\/www.edvantis.com\/de\/service\/it-beratung\/\">\r\n\t\t\t\t\t\t\t\t\t\t\t\t\tIT-Beratung\t\t\t\t\t\t\t\t\t\t\t\t<\/a>\r\n\r\n\t\t\t\t\t\t\t\t\t\t\t\t\t\t\t\t\t\t\t\t\t\t\t<\/li>\r\n\t\t\t\t\t\t\t\t\t\t\t\t\t\t\t\t\t\t\t\r\n\t\t\t\t\t\t\t\t\t\t\t\t\t\t\t\t\t\t\t\t\t<li class=\"site-map-container-col__list__item\">\r\n\t\t\t\t\t\t\t\t\t\t\t\t<a class=\"site-map-container-col__list__item__link\" href=\"https:\/\/www.edvantis.com\/de\/service\/projektkoordinierung\/\">\r\n\t\t\t\t\t\t\t\t\t\t\t\t\tProjektkoordinierung\t\t\t\t\t\t\t\t\t\t\t\t<\/a>\r\n\r\n\t\t\t\t\t\t\t\t\t\t\t\t\t\t\t\t\t\t\t\t\t\t\t<\/li>\r\n\t\t\t\t\t\t\t\t\t\t\t\t\t\t\t\t\t\t\t\r\n\t\t\t\t\t\t\t\t\t\t\t\t\t\t\t\t\t\t\t\t\t<li class=\"site-map-container-col__list__item\">\r\n\t\t\t\t\t\t\t\t\t\t\t\t<a class=\"site-map-container-col__list__item__link\" href=\"https:\/\/www.edvantis.com\/de\/service\/teamkoordinierung\/\">\r\n\t\t\t\t\t\t\t\t\t\t\t\t\tTeamkoordinierung\t\t\t\t\t\t\t\t\t\t\t\t<\/a>\r\n\r\n\t\t\t\t\t\t\t\t\t\t\t\t\t\t\t\t\t\t\t\t\t\t\t<\/li>\r\n\t\t\t\t\t\t\t\t\t\t\t\t\t\t\t\t\t\t\t\r\n\t\t\t\t\t\t\t\t\t\t\t\t\t\t\t\t\t\t\t\t\t<li class=\"site-map-container-col__list__item\">\r\n\t\t\t\t\t\t\t\t\t\t\t\t<a class=\"site-map-container-col__list__item__link\" href=\"https:\/\/www.edvantis.com\/de\/service\/teamerweiterung\/\">\r\n\t\t\t\t\t\t\t\t\t\t\t\t\tTeamerweiterung\t\t\t\t\t\t\t\t\t\t\t\t<\/a>\r\n\r\n\t\t\t\t\t\t\t\t\t\t\t\t\t\t\t\t\t\t\t\t\t\t\t<\/li>\r\n\t\t\t\t\t\t\t\t\t\t\t\t\t\t\t\t\t\t\t\t\t\t\t\t\t\t\t<\/ul>\r\n\t\t\t\t\t\t\t\t\t\t\t\t\t<\/div>\r\n\t\t\t\t\t\r\n\t\t\t\t\t\t<div class=\"site-map-container-col\">\r\n\r\n\t\t\t\t\t\t\t\t\t\t\t\t\t\t\t<h3 class=\"site-map-container-col__title\"><a href=\"https:\/\/www.edvantis.com\/de\/branchen-und-expertise\/\">Branchen und Expertise<\/a><\/h3>\r\n\t\t\t\t\t\t\t\r\n\t\t\t\t\t\t\t\t\t\t\t\t\t\t\t<ul class=\"site-map-container-col__list\">\r\n\t\t\t\t\t\t\t\t\t\r\n\t\t\t\t\t\t\t\t\t\t\t\t\t\t\t\t\t\t\t\t\t<li class=\"site-map-container-col__list__item __sub-title\">\r\n\t\t\t\t\t\t\t\t\t\t\t\t<h4 class=\"site-map-container-col__list__item__sub-title\">Fachwissen:<\/h4>\r\n\r\n\t\t\t\t\t\t\t\t\t\t\t\t\t\t\t\t\t\t\t\t\t\t\t<\/li>\r\n\t\t\t\t\t\t\t\t\t\t\t\t\t\t\t\t\t\t\t\r\n\t\t\t\t\t\t\t\t\t\t\t\t\t\t\t\t\t\t\t\t\t<li class=\"site-map-container-col__list__item\">\r\n\t\t\t\t\t\t\t\t\t\t\t\t<a class=\"site-map-container-col__list__item__link\" href=\"https:\/\/www.edvantis.com\/de\/service\/zahlung\/\">\r\n\t\t\t\t\t\t\t\t\t\t\t\t\tZahlung\t\t\t\t\t\t\t\t\t\t\t\t<\/a>\r\n\r\n\t\t\t\t\t\t\t\t\t\t\t\t\t\t\t\t\t\t\t\t\t\t\t\t\t<ul class=\"site-map-container-col__list\">\r\n\t\t\t\t\t\t\t\t\t\t\t\t\t\t\r\n\t\t\t\t\t\t\t\t\t\t\t\t\t\t\t\t\t\t\t\t\t\t\t\t\t\t\t\t\t\t\t<li class=\"site-map-container-col__list__item\">\r\n\t\t\t\t\t\t\t\t\t\t\t\t\t\t\t\t\t<a class=\"site-map-container-col__list__item__link\" href=\"https:\/\/www.edvantis.com\/de\/service\/pos-software-development\/\">\r\n\t\t\t\t\t\t\t\t\t\t\t\t\t\t\t\t\t\tPOS-Entwicklung\t\t\t\t\t\t\t\t\t\t\t\t\t\t\t\t\t<\/a>\r\n\t\t\t\t\t\t\t\t\t\t\t\t\t\t\t\t<\/li>\r\n\t\t\t\t\t\t\t\t\t\t\t\t\t\t\t\t\t\t\t\t\t\t\t\t\t\t\t\t\t\r\n\t\t\t\t\t\t\t\t\t\t\t\t\t\t\t\t\t\t\t\t\t\t\t\t\t\t\t\t\t\t\t<li class=\"site-map-container-col__list__item\">\r\n\t\t\t\t\t\t\t\t\t\t\t\t\t\t\t\t\t<a class=\"site-map-container-col__list__item__link\" href=\"https:\/\/www.edvantis.com\/de\/service\/emv-software-development-services\/\">\r\n\t\t\t\t\t\t\t\t\t\t\t\t\t\t\t\t\t\tEMV-Entwicklung\t\t\t\t\t\t\t\t\t\t\t\t\t\t\t\t\t<\/a>\r\n\t\t\t\t\t\t\t\t\t\t\t\t\t\t\t\t<\/li>\r\n\t\t\t\t\t\t\t\t\t\t\t\t\t\t\t\t\t\t\t\t\t\t\t\t\t\t\t\t\t\r\n\t\t\t\t\t\t\t\t\t\t\t\t\t\t\t\t\t\t\t\t\t\t\t\t\t\t\t\t\t\t\t<li class=\"site-map-container-col__list__item\">\r\n\t\t\t\t\t\t\t\t\t\t\t\t\t\t\t\t\t<a class=\"site-map-container-col__list__item__link\" href=\"https:\/\/www.edvantis.com\/de\/service\/nfc-development-nfc-consulting-services\/\">\r\n\t\t\t\t\t\t\t\t\t\t\t\t\t\t\t\t\t\tEMV-Entwicklung\t\t\t\t\t\t\t\t\t\t\t\t\t\t\t\t\t<\/a>\r\n\t\t\t\t\t\t\t\t\t\t\t\t\t\t\t\t<\/li>\r\n\t\t\t\t\t\t\t\t\t\t\t\t\t\t\t\t\t\t\t\t\t\t\t\t\t\t\t\t\t\t\t\t\t\t\t\t\t\t\t\t\t\t<\/ul>\r\n\t\t\t\t\t\t\t\t\t\t\t\t\t\t\t\t\t\t\t\t\t\t\t<\/li>\r\n\t\t\t\t\t\t\t\t\t\t\t\t\t\t\t\t\t\t\t\r\n\t\t\t\t\t\t\t\t\t\t\t\t\t\t\t\t\t\t\t\t\t<li class=\"site-map-container-col__list__item\">\r\n\t\t\t\t\t\t\t\t\t\t\t\t<a class=\"site-map-container-col__list__item__link\" href=\"https:\/\/www.edvantis.com\/de\/service\/ecommerce\/\">\r\n\t\t\t\t\t\t\t\t\t\t\t\t\tEcommerce\t\t\t\t\t\t\t\t\t\t\t\t<\/a>\r\n\r\n\t\t\t\t\t\t\t\t\t\t\t\t\t\t\t\t\t\t\t\t\t\t\t\t\t<ul class=\"site-map-container-col__list\">\r\n\t\t\t\t\t\t\t\t\t\t\t\t\t\t\r\n\t\t\t\t\t\t\t\t\t\t\t\t\t\t\t\t\t\t\t\t\t\t\t\t\t\t\t\t\t\t\t<li class=\"site-map-container-col__list__item\">\r\n\t\t\t\t\t\t\t\t\t\t\t\t\t\t\t\t\t<a class=\"site-map-container-col__list__item__link\" href=\"https:\/\/www.edvantis.com\/de\/service\/bigcommerce-development\/\">\r\n\t\t\t\t\t\t\t\t\t\t\t\t\t\t\t\t\t\tBigCommerce Entwicklung\t\t\t\t\t\t\t\t\t\t\t\t\t\t\t\t\t<\/a>\r\n\t\t\t\t\t\t\t\t\t\t\t\t\t\t\t\t<\/li>\r\n\t\t\t\t\t\t\t\t\t\t\t\t\t\t\t\t\t\t\t\t\t\t\t\t\t\t\t\t\t\t\t\t\t\t\t\t\t\t\t\t\t\t<\/ul>\r\n\t\t\t\t\t\t\t\t\t\t\t\t\t\t\t\t\t\t\t\t\t\t\t<\/li>\r\n\t\t\t\t\t\t\t\t\t\t\t\t\t\t\t\t\t\t\t\r\n\t\t\t\t\t\t\t\t\t\t\t\t\t\t\t\t\t\t\t\t\t<li class=\"site-map-container-col__list__item\">\r\n\t\t\t\t\t\t\t\t\t\t\t\t<a class=\"site-map-container-col__list__item__link\" href=\"https:\/\/www.edvantis.com\/de\/service\/ms-dynamics-365\/\">\r\n\t\t\t\t\t\t\t\t\t\t\t\t\tMS Dynamics AX\t\t\t\t\t\t\t\t\t\t\t\t<\/a>\r\n\r\n\t\t\t\t\t\t\t\t\t\t\t\t\t\t\t\t\t\t\t\t\t\t\t<\/li>\r\n\t\t\t\t\t\t\t\t\t\t\t\t\t\t\t\t\t\t\t\r\n\t\t\t\t\t\t\t\t\t\t\t\t\t\t\t\t\t\t\t\t\t<li class=\"site-map-container-col__list__item __sub-title\">\r\n\t\t\t\t\t\t\t\t\t\t\t\t<h4 class=\"site-map-container-col__list__item__sub-title\">Technische Expertise:<\/h4>\r\n\r\n\t\t\t\t\t\t\t\t\t\t\t\t\t\t\t\t\t\t\t\t\t\t\t<\/li>\r\n\t\t\t\t\t\t\t\t\t\t\t\t\t\t\t\t\t\t\t\r\n\t\t\t\t\t\t\t\t\t\t\t\t\t\t\t\t\t\t\t\t\t<li class=\"site-map-container-col__list__item\">\r\n\t\t\t\t\t\t\t\t\t\t\t\t<a class=\"site-map-container-col__list__item__link\" href=\"https:\/\/www.edvantis.com\/de\/service\/bereich-datenwissenschaft\/\">\r\n\t\t\t\t\t\t\t\t\t\t\t\t\tDatenwissenschaft\t\t\t\t\t\t\t\t\t\t\t\t<\/a>\r\n\r\n\t\t\t\t\t\t\t\t\t\t\t\t\t\t\t\t\t\t\t\t\t\t\t<\/li>\r\n\t\t\t\t\t\t\t\t\t\t\t\t\t\t\t\t\t\t\t\r\n\t\t\t\t\t\t\t\t\t\t\t\t\t\t\t\t\t\t\t\t\t<li class=\"site-map-container-col__list__item\">\r\n\t\t\t\t\t\t\t\t\t\t\t\t<a class=\"site-map-container-col__list__item__link\" href=\"https:\/\/www.edvantis.com\/de\/service\/expertise-in-der-qualitaetssicherung\/\">\r\n\t\t\t\t\t\t\t\t\t\t\t\t\tQS-Leistungen\t\t\t\t\t\t\t\t\t\t\t\t<\/a>\r\n\r\n\t\t\t\t\t\t\t\t\t\t\t\t\t\t\t\t\t\t\t\t\t\t\t<\/li>\r\n\t\t\t\t\t\t\t\t\t\t\t\t\t\t\t\t\t\t\t\r\n\t\t\t\t\t\t\t\t\t\t\t\t\t\t\t\t\t\t\t\t\t<li class=\"site-map-container-col__list__item\">\r\n\t\t\t\t\t\t\t\t\t\t\t\t<a class=\"site-map-container-col__list__item__link\" href=\"https:\/\/www.edvantis.com\/de\/service\/it-operations-services\/\">\r\n\t\t\t\t\t\t\t\t\t\t\t\t\tIT-Betriebsdienstleistungen\t\t\t\t\t\t\t\t\t\t\t\t<\/a>\r\n\r\n\t\t\t\t\t\t\t\t\t\t\t\t\t\t\t\t\t\t\t\t\t\t\t<\/li>\r\n\t\t\t\t\t\t\t\t\t\t\t\t\t\t\t\t\t\t\t\r\n\t\t\t\t\t\t\t\t\t\t\t\t\t\t\t\t\t\t\t\t\t<li class=\"site-map-container-col__list__item\">\r\n\t\t\t\t\t\t\t\t\t\t\t\t<a class=\"site-map-container-col__list__item__link\" href=\"https:\/\/www.edvantis.com\/de\/service\/industriellen-automatisierung\/\">\r\n\t\t\t\t\t\t\t\t\t\t\t\t\tIndustrietechnik\t\t\t\t\t\t\t\t\t\t\t\t<\/a>\r\n\r\n\t\t\t\t\t\t\t\t\t\t\t\t\t\t\t\t\t\t\t\t\t\t\t<\/li>\r\n\t\t\t\t\t\t\t\t\t\t\t\t\t\t\t\t\t\t\t\t\t\t\t\t\t\t\t<\/ul>\r\n\t\t\t\t\t\t\t\t\t\t\t\t\t<\/div>\r\n\t\t\t\t\t\r\n\t\t\t\t\t\t<div class=\"site-map-container-col\">\r\n\r\n\t\t\t\t\t\t\t\t\t\t\t\t\t\t\t<h3 class=\"site-map-container-col__title\"><\/h3>\r\n\t\t\t\t\t\t\t\r\n\t\t\t\t\t\t\t\t\t\t\t\t\t<\/div>\r\n\t\t\t\t\t\r\n\t\t\t\t\t\t<div class=\"site-map-container-col\">\r\n\r\n\t\t\t\t\t\t\t\t\t\t\t\t\t\t\t<h3 class=\"site-map-container-col__title\">Kunden<\/h3>\r\n\t\t\t\t\t\t\t\r\n\t\t\t\t\t\t\t\t\t\t\t\t\t\t\t<ul class=\"site-map-container-col__list\">\r\n\t\t\t\t\t\t\t\t\t\r\n\t\t\t\t\t\t\t\t\t\t\t\t\t\t\t\t\t\t\t\t\t<li class=\"site-map-container-col__list__item\">\r\n\t\t\t\t\t\t\t\t\t\t\t\t<a class=\"site-map-container-col__list__item__link\" href=\"https:\/\/www.edvantis.com\/de\/kunden\/\">\r\n\t\t\t\t\t\t\t\t\t\t\t\t\tUnsere Kunden\t\t\t\t\t\t\t\t\t\t\t\t<\/a>\r\n\r\n\t\t\t\t\t\t\t\t\t\t\t\t\t\t\t\t\t\t\t\t\t\t\t<\/li>\r\n\t\t\t\t\t\t\t\t\t\t\t\t\t\t\t\t\t\t\t\r\n\t\t\t\t\t\t\t\t\t\t\t\t\t\t\t\t\t\t\t\t\t<li class=\"site-map-container-col__list__item\">\r\n\t\t\t\t\t\t\t\t\t\t\t\t<a class=\"site-map-container-col__list__item__link\" href=\"https:\/\/www.edvantis.com\/de\/erfolgsgeschichten\/\">\r\n\t\t\t\t\t\t\t\t\t\t\t\t\tFallstudien\t\t\t\t\t\t\t\t\t\t\t\t<\/a>\r\n\r\n\t\t\t\t\t\t\t\t\t\t\t\t\t\t\t\t\t\t\t\t\t\t\t<\/li>\r\n\t\t\t\t\t\t\t\t\t\t\t\t\t\t\t\t\t\t\t\t\t\t\t\t\t\t\t<\/ul>\r\n\t\t\t\t\t\t\t\t\t\t\t\t\t<\/div>\r\n\t\t\t\t\t\t\t\t\t\t\t\t<\/div>\r\n\t\t\t<div class=\"col-md-6 col-lg-6\">\r\n\t\t\t\t\t\t\t\t\t\r\n\t\t\t\t\t\t<div class=\"site-map-container-col\">\r\n\r\n\t\t\t\t\t\t\t\t\t\t\t\t\t\t\t<h3 class=\"site-map-container-col__title\">\u00dcber uns<\/h3>\r\n\t\t\t\t\t\t\t\r\n\t\t\t\t\t\t\t\t\t\t\t\t\t\t\t<ul class=\"site-map-container-col__list\">\r\n\t\t\t\t\t\t\t\t\t\r\n\t\t\t\t\t\t\t\t\t\t\t\t\t\t\t\t\t\t\t\t\t<li class=\"site-map-container-col__list__item\">\r\n\t\t\t\t\t\t\t\t\t\t\t\t<a class=\"site-map-container-col__list__item__link\" href=\"https:\/\/www.edvantis.com\/de\/geschichte-und-fakten\/\">\r\n\t\t\t\t\t\t\t\t\t\t\t\t\tGeschichte und Fakten\t\t\t\t\t\t\t\t\t\t\t\t<\/a>\r\n\r\n\t\t\t\t\t\t\t\t\t\t\t\t\t\t\t\t\t\t\t\t\t\t\t<\/li>\r\n\t\t\t\t\t\t\t\t\t\t\t\t\t\t\t\t\t\t\t\r\n\t\t\t\t\t\t\t\t\t\t\t\t\t\t\t\t\t\t\t\t\t<li class=\"site-map-container-col__list__item\">\r\n\t\t\t\t\t\t\t\t\t\t\t\t<a class=\"site-map-container-col__list__item__link\" href=\"https:\/\/www.edvantis.com\/de\/so-arbeiten-wir\/\">\r\n\t\t\t\t\t\t\t\t\t\t\t\t\tSo arbeiten wir\t\t\t\t\t\t\t\t\t\t\t\t<\/a>\r\n\r\n\t\t\t\t\t\t\t\t\t\t\t\t\t\t\t\t\t\t\t\t\t\t\t<\/li>\r\n\t\t\t\t\t\t\t\t\t\t\t\t\t\t\t\t\t\t\t\r\n\t\t\t\t\t\t\t\t\t\t\t\t\t\t\t\t\t\t\t\t\t<li class=\"site-map-container-col__list__item\">\r\n\t\t\t\t\t\t\t\t\t\t\t\t<a class=\"site-map-container-col__list__item__link\" href=\"https:\/\/www.edvantis.com\/de\/fuhrungsteam\/\">\r\n\t\t\t\t\t\t\t\t\t\t\t\t\tLeitung\t\t\t\t\t\t\t\t\t\t\t\t<\/a>\r\n\r\n\t\t\t\t\t\t\t\t\t\t\t\t\t\t\t\t\t\t\t\t\t\t\t<\/li>\r\n\t\t\t\t\t\t\t\t\t\t\t\t\t\t\t\t\t\t\t\r\n\t\t\t\t\t\t\t\t\t\t\t\t\t\t\t\t\t\t\t\t\t<li class=\"site-map-container-col__list__item\">\r\n\t\t\t\t\t\t\t\t\t\t\t\t<a class=\"site-map-container-col__list__item__link\" href=\"https:\/\/www.edvantis.com\/de\/vorstand\/\">\r\n\t\t\t\t\t\t\t\t\t\t\t\t\tVorstand\t\t\t\t\t\t\t\t\t\t\t\t<\/a>\r\n\r\n\t\t\t\t\t\t\t\t\t\t\t\t\t\t\t\t\t\t\t\t\t\t\t<\/li>\r\n\t\t\t\t\t\t\t\t\t\t\t\t\t\t\t\t\t\t\t\t\t\t\t\t\t\t\t<\/ul>\r\n\t\t\t\t\t\t\t\t\t\t\t\t\t<\/div>\r\n\t\t\t\t\t\r\n\t\t\t\t\t\t<div class=\"site-map-container-col\">\r\n\r\n\t\t\t\t\t\t\t\t\t\t\t\t\t\t\t<h3 class=\"site-map-container-col__title\"><a href=\"https:\/\/www.edvantis.com\/de\/blog\/\">Blog<\/a><\/h3>\r\n\t\t\t\t\t\t\t\r\n\t\t\t\t\t\t\t\t\t\t\t\t\t<\/div>\r\n\t\t\t\t\t\r\n\t\t\t\t\t\t<div class=\"site-map-container-col\">\r\n\r\n\t\t\t\t\t\t\t\t\t\t\t\t\t\t\t<h3 class=\"site-map-container-col__title\"><a href=\"https:\/\/www.edvantis.com\/de\/karriere\/\">Karriere<\/a><\/h3>\r\n\t\t\t\t\t\t\t\r\n\t\t\t\t\t\t\t\t\t\t\t\t\t<\/div>\r\n\t\t\t\t\t\r\n\t\t\t\t\t\t<div class=\"site-map-container-col\">\r\n\r\n\t\t\t\t\t\t\t\t\t\t\t\t\t\t\t<h3 class=\"site-map-container-col__title\"><a href=\"https:\/\/www.edvantis.com\/de\/kontaktieren-sie-uns\/\">Kontaktiere uns<\/a><\/h3>\r\n\t\t\t\t\t\t\t\r\n\t\t\t\t\t\t\t\t\t\t\t\t\t<\/div>\r\n\t\t\t\t\t\r\n\t\t\t\t\t\t<div class=\"site-map-container-col\">\r\n\r\n\t\t\t\t\t\t\t\t\t\t\t\t\t\t\t<h3 class=\"site-map-container-col__title\"><a href=\"https:\/\/www.edvantis.com\/de\/seitenubersicht\/\">Seiten\u00fcbersicht<\/a><\/h3>\r\n\t\t\t\t\t\t\t\r\n\t\t\t\t\t\t\t\t\t\t\t\t\t<\/div>\r\n\t\t\t\t\t\r\n\t\t\t\t\t\t<div class=\"site-map-container-col\">\r\n\r\n\t\t\t\t\t\t\t\t\t\t\t\t\t\t\t<h3 class=\"site-map-container-col__title\"><a href=\"https:\/\/www.edvantis.com\/de\/allgemeine-geschaftsbedingungen\/\">Allgemeine Gesch\u00e4ftsbedingungen<\/a><\/h3>\r\n\t\t\t\t\t\t\t\r\n\t\t\t\t\t\t\t\t\t\t\t\t\t<\/div>\r\n\t\t\t\t\t\r\n\t\t\t\t\t\t<div class=\"site-map-container-col\">\r\n\r\n\t\t\t\t\t\t\t\t\t\t\t\t\t\t\t<h3 class=\"site-map-container-col__title\"><a href=\"https:\/\/www.edvantis.com\/de\/datenschutzrichtlinie\/\">Datenschutzrichtlinie<\/a><\/h3>\r\n\t\t\t\t\t\t\t\r\n\t\t\t\t\t\t\t\t\t\t\t\t\t<\/div>\r\n\t\t\t\t\t\r\n\t\t\t\t\t\t<div class=\"site-map-container-col\">\r\n\r\n\t\t\t\t\t\t\t\t\t\t\t\t\t\t\t<h3 class=\"site-map-container-col__title\"><a href=\"https:\/\/www.edvantis.com\/de\/edvantis-cookie-policy\/\">Cookie-Richtlinie<\/a><\/h3>\r\n\t\t\t\t\t\t\t\r\n\t\t\t\t\t\t\t\t\t\t\t\t\t<\/div>\r\n\t\t\t\t\t\t\t\t\t\t\t\t<\/div>\r\n\t\t<\/div>\r\n\t<\/div>\r\n<\/div>\r\n","protected":false},"excerpt":{"rendered":"","protected":false},"author":1,"featured_media":4234,"parent":0,"menu_order":0,"comment_status":"closed","ping_status":"closed","template":"","meta":{"_acf_changed":false,"content-type":"","footnotes":""},"class_list":["post-2024","page","type-page","status-publish","has-post-thumbnail","hentry"],"acf":[],"yoast_head":"<!-- This site is optimized with the Yoast SEO plugin v27.1.1 - https:\/\/yoast.com\/product\/yoast-seo-wordpress\/ -->\n<title>Seiten\u00fcbersicht - Edvantis<\/title>\n<meta name=\"description\" content=\"Alle Edvantis-Website-Bereiche - an einem Ort! Nutzen Sie eine Verkn\u00fcpfung, um mehr \u00fcber unsere Dienstleistungen, Branchenexpertise, technische Schwerpunkte, Erfahrungen und vieles mehr zu erfahren.\" \/>\n<meta name=\"robots\" content=\"index, follow, max-snippet:-1, max-image-preview:large, max-video-preview:-1\" \/>\n<link rel=\"canonical\" href=\"https:\/\/www.edvantis.com\/de\/seitenubersicht\/\" \/>\n<meta property=\"og:locale\" content=\"de_DE\" \/>\n<meta property=\"og:type\" content=\"article\" \/>\n<meta property=\"og:title\" content=\"Seiten\u00fcbersicht - Edvantis\" \/>\n<meta property=\"og:description\" content=\"Alle Edvantis-Website-Bereiche - an einem Ort! Nutzen Sie eine Verkn\u00fcpfung, um mehr \u00fcber unsere Dienstleistungen, Branchenexpertise, technische Schwerpunkte, Erfahrungen und vieles mehr zu erfahren.\" \/>\n<meta property=\"og:url\" content=\"https:\/\/www.edvantis.com\/de\/seitenubersicht\/\" \/>\n<meta property=\"og:site_name\" content=\"Edvantis\" \/>\n<meta property=\"article:modified_time\" content=\"2023-03-02T14:27:47+00:00\" \/>\n<meta property=\"og:image\" content=\"https:\/\/www.edvantis.com\/wp-content\/uploads\/2021\/03\/Site-map_featured-img.jpg\" \/>\n\t<meta property=\"og:image:width\" content=\"700\" \/>\n\t<meta property=\"og:image:height\" content=\"394\" \/>\n\t<meta property=\"og:image:type\" content=\"image\/jpeg\" \/>\n<meta name=\"twitter:card\" content=\"summary_large_image\" \/>\n<script type=\"application\/ld+json\" class=\"yoast-schema-graph\">{\"@context\":\"https:\/\/schema.org\",\"@graph\":[{\"@type\":\"WebPage\",\"@id\":\"https:\/\/www.edvantis.com\/de\/seitenubersicht\/\",\"url\":\"https:\/\/www.edvantis.com\/de\/seitenubersicht\/\",\"name\":\"Seiten\u00fcbersicht - Edvantis\",\"isPartOf\":{\"@id\":\"https:\/\/www.edvantis.com\/de\/#website\"},\"primaryImageOfPage\":{\"@id\":\"https:\/\/www.edvantis.com\/de\/seitenubersicht\/#primaryimage\"},\"image\":{\"@id\":\"https:\/\/www.edvantis.com\/de\/seitenubersicht\/#primaryimage\"},\"thumbnailUrl\":\"https:\/\/www.edvantis.com\/wp-content\/uploads\/2021\/03\/Site-map_featured-img.jpg\",\"datePublished\":\"2020-12-31T12:23:41+00:00\",\"dateModified\":\"2023-03-02T14:27:47+00:00\",\"description\":\"Alle Edvantis-Website-Bereiche - an einem Ort! Nutzen Sie eine Verkn\u00fcpfung, um mehr \u00fcber unsere Dienstleistungen, Branchenexpertise, technische Schwerpunkte, Erfahrungen und vieles mehr zu erfahren.\",\"breadcrumb\":{\"@id\":\"https:\/\/www.edvantis.com\/de\/seitenubersicht\/#breadcrumb\"},\"inLanguage\":\"de\",\"potentialAction\":[{\"@type\":\"ReadAction\",\"target\":[\"https:\/\/www.edvantis.com\/de\/seitenubersicht\/\"]}]},{\"@type\":\"ImageObject\",\"inLanguage\":\"de\",\"@id\":\"https:\/\/www.edvantis.com\/de\/seitenubersicht\/#primaryimage\",\"url\":\"https:\/\/www.edvantis.com\/wp-content\/uploads\/2021\/03\/Site-map_featured-img.jpg\",\"contentUrl\":\"https:\/\/www.edvantis.com\/wp-content\/uploads\/2021\/03\/Site-map_featured-img.jpg\",\"width\":700,\"height\":394,\"caption\":\"Network\"},{\"@type\":\"BreadcrumbList\",\"@id\":\"https:\/\/www.edvantis.com\/de\/seitenubersicht\/#breadcrumb\",\"itemListElement\":[{\"@type\":\"ListItem\",\"position\":1,\"name\":\"Startseite\",\"item\":\"https:\/\/www.edvantis.com\/de\/\"},{\"@type\":\"ListItem\",\"position\":2,\"name\":\"Seiten\u00fcbersicht\"}]},{\"@type\":\"WebSite\",\"@id\":\"https:\/\/www.edvantis.com\/de\/#website\",\"url\":\"https:\/\/www.edvantis.com\/de\/\",\"name\":\"Edvantis\",\"description\":\"Edvantis | IT Outsourcing &amp; Custom Software Development\",\"potentialAction\":[{\"@type\":\"SearchAction\",\"target\":{\"@type\":\"EntryPoint\",\"urlTemplate\":\"https:\/\/www.edvantis.com\/de\/?s={search_term_string}\"},\"query-input\":{\"@type\":\"PropertyValueSpecification\",\"valueRequired\":true,\"valueName\":\"search_term_string\"}}],\"inLanguage\":\"de\"}]}<\/script>\n<!-- \/ Yoast SEO plugin. -->","yoast_head_json":{"title":"Seiten\u00fcbersicht - Edvantis","description":"Alle Edvantis-Website-Bereiche - an einem Ort! Nutzen Sie eine Verkn\u00fcpfung, um mehr \u00fcber unsere Dienstleistungen, Branchenexpertise, technische Schwerpunkte, Erfahrungen und vieles mehr zu erfahren.","robots":{"index":"index","follow":"follow","max-snippet":"max-snippet:-1","max-image-preview":"max-image-preview:large","max-video-preview":"max-video-preview:-1"},"canonical":"https:\/\/www.edvantis.com\/de\/seitenubersicht\/","og_locale":"de_DE","og_type":"article","og_title":"Seiten\u00fcbersicht - Edvantis","og_description":"Alle Edvantis-Website-Bereiche - an einem Ort! Nutzen Sie eine Verkn\u00fcpfung, um mehr \u00fcber unsere Dienstleistungen, Branchenexpertise, technische Schwerpunkte, Erfahrungen und vieles mehr zu erfahren.","og_url":"https:\/\/www.edvantis.com\/de\/seitenubersicht\/","og_site_name":"Edvantis","article_modified_time":"2023-03-02T14:27:47+00:00","og_image":[{"width":700,"height":394,"url":"https:\/\/www.edvantis.com\/wp-content\/uploads\/2021\/03\/Site-map_featured-img.jpg","type":"image\/jpeg"}],"twitter_card":"summary_large_image","schema":{"@context":"https:\/\/schema.org","@graph":[{"@type":"WebPage","@id":"https:\/\/www.edvantis.com\/de\/seitenubersicht\/","url":"https:\/\/www.edvantis.com\/de\/seitenubersicht\/","name":"Seiten\u00fcbersicht - Edvantis","isPartOf":{"@id":"https:\/\/www.edvantis.com\/de\/#website"},"primaryImageOfPage":{"@id":"https:\/\/www.edvantis.com\/de\/seitenubersicht\/#primaryimage"},"image":{"@id":"https:\/\/www.edvantis.com\/de\/seitenubersicht\/#primaryimage"},"thumbnailUrl":"https:\/\/www.edvantis.com\/wp-content\/uploads\/2021\/03\/Site-map_featured-img.jpg","datePublished":"2020-12-31T12:23:41+00:00","dateModified":"2023-03-02T14:27:47+00:00","description":"Alle Edvantis-Website-Bereiche - an einem Ort! Nutzen Sie eine Verkn\u00fcpfung, um mehr \u00fcber unsere Dienstleistungen, Branchenexpertise, technische Schwerpunkte, Erfahrungen und vieles mehr zu erfahren.","breadcrumb":{"@id":"https:\/\/www.edvantis.com\/de\/seitenubersicht\/#breadcrumb"},"inLanguage":"de","potentialAction":[{"@type":"ReadAction","target":["https:\/\/www.edvantis.com\/de\/seitenubersicht\/"]}]},{"@type":"ImageObject","inLanguage":"de","@id":"https:\/\/www.edvantis.com\/de\/seitenubersicht\/#primaryimage","url":"https:\/\/www.edvantis.com\/wp-content\/uploads\/2021\/03\/Site-map_featured-img.jpg","contentUrl":"https:\/\/www.edvantis.com\/wp-content\/uploads\/2021\/03\/Site-map_featured-img.jpg","width":700,"height":394,"caption":"Network"},{"@type":"BreadcrumbList","@id":"https:\/\/www.edvantis.com\/de\/seitenubersicht\/#breadcrumb","itemListElement":[{"@type":"ListItem","position":1,"name":"Startseite","item":"https:\/\/www.edvantis.com\/de\/"},{"@type":"ListItem","position":2,"name":"Seiten\u00fcbersicht"}]},{"@type":"WebSite","@id":"https:\/\/www.edvantis.com\/de\/#website","url":"https:\/\/www.edvantis.com\/de\/","name":"Edvantis","description":"Edvantis | IT Outsourcing &amp; Custom Software Development","potentialAction":[{"@type":"SearchAction","target":{"@type":"EntryPoint","urlTemplate":"https:\/\/www.edvantis.com\/de\/?s={search_term_string}"},"query-input":{"@type":"PropertyValueSpecification","valueRequired":true,"valueName":"search_term_string"}}],"inLanguage":"de"}]}},"_links":{"self":[{"href":"https:\/\/www.edvantis.com\/de\/wp-json\/wp\/v2\/pages\/2024","targetHints":{"allow":["GET"]}}],"collection":[{"href":"https:\/\/www.edvantis.com\/de\/wp-json\/wp\/v2\/pages"}],"about":[{"href":"https:\/\/www.edvantis.com\/de\/wp-json\/wp\/v2\/types\/page"}],"author":[{"embeddable":true,"href":"https:\/\/www.edvantis.com\/de\/wp-json\/wp\/v2\/users\/1"}],"replies":[{"embeddable":true,"href":"https:\/\/www.edvantis.com\/de\/wp-json\/wp\/v2\/comments?post=2024"}],"version-history":[{"count":0,"href":"https:\/\/www.edvantis.com\/de\/wp-json\/wp\/v2\/pages\/2024\/revisions"}],"wp:featuredmedia":[{"embeddable":true,"href":"https:\/\/www.edvantis.com\/de\/wp-json\/wp\/v2\/media\/4234"}],"wp:attachment":[{"href":"https:\/\/www.edvantis.com\/de\/wp-json\/wp\/v2\/media?parent=2024"}],"curies":[{"name":"wp","href":"https:\/\/api.w.org\/{rel}","templated":true}]}}