{"id":2026,"date":"2020-12-31T12:38:11","date_gmt":"2020-12-31T12:38:11","guid":{"rendered":"https:\/\/edvantis.com\/terms-of-use\/"},"modified":"2022-11-07T10:07:52","modified_gmt":"2022-11-07T10:07:52","slug":"allgemeine-geschaftsbedingungen","status":"publish","type":"page","link":"https:\/\/www.edvantis.com\/de\/allgemeine-geschaftsbedingungen\/","title":{"rendered":"Allgemeine Gesch\u00e4ftsbedingungen"},"content":{"rendered":"\n<p><strong>LETZTE AKTUALISIERUNG: Januar 2021<\/strong><\/p>\n\n\n\n<p>Diese Website,&nbsp;<a href=\"https:\/\/www.edvantis.com\/\">www.edvantis.com<\/a>&nbsp;(die \u201eWebsite\u201c), befindet sich im Besitz von&nbsp;Edvantis&nbsp;und wird von&nbsp;Edvantis&nbsp;betrieben.<\/p>\n\n\n\n<p>Die folgenden Allgemeinen Gesch\u00e4ftsbedingungen sind eine rechtsverbindliche Vereinbarung zwischen Ihnen und&nbsp;Edvantis&nbsp;und beziehen sich auf die Bedingungen, nach denen Sie auf die Website und ihre Inhalte zugreifen, diese durchsuchen und nutzen k\u00f6nnen. Die Vereinbarung regelt ferner die Nutzung aller von uns bereitgestellter Texte, Informationen, Daten, Software und visueller Inhalte durch Sie.Keine der darin enthaltenen Bestimmungen darf als \u00dcbertragung von Rechten oder Vorteilen Dritter angesehen werden.<\/p>\n\n\n\n<p>Bitte lesen Sie sich die Allgemeinen Gesch\u00e4ftsbedingungen sorgf\u00e4ltig durch, bevor Sie die Website nutzen.Mit dem Besuch dieser Website erkl\u00e4ren Sie, dass Sie die Allgemeinen Gesch\u00e4ftsbedingungen gelesen, verstanden und uneingeschr\u00e4nkt akzeptiert haben und dass Sie sich an alle geltenden Regeln, Vorschriften und Gesetze halten werden.Wenn Sie mit einem der folgenden Punkte nicht einverstanden sind, sollten Sie die Website nicht nutzen.<\/p>\n\n\n\n<h2 class=\"wp-block-heading\"><strong>\u00c4nderungen<\/strong><\/h2>\n\n\n\n<p>Wir k\u00f6nnen die Website und\/oder ihre Inhalte ohne vorherige Ank\u00fcndigung zeitweise \u00e4ndern, aussetzen oder einstellen.Dar\u00fcber hinaus k\u00f6nnen wir Bestimmungen in den Allgemeinen Gesch\u00e4ftsbedingungen ohne Ank\u00fcndigung \u00e4ndern, aktualisieren, hinzuf\u00fcgen oder entfernen; daher sollten Sie diese Seite regelm\u00e4\u00dfig besuchen.<\/p>\n\n\n\n<h2 class=\"wp-block-heading\"><strong>Rechte<\/strong><\/h2>\n\n\n\n<p>Durch die Einhaltung der Allgemeinen Gesch\u00e4ftsbedingungen sind Sie sich bewusst und erkl\u00e4ren sich einverstanden, dass sich&nbsp;Edvantis&nbsp;alle Rechte vorbeh\u00e4lt, Ihren Zugang zu dieser Website ohne vorherige Ank\u00fcndigung und ohne Angabe von Gr\u00fcnden sofort zu beenden\/zu entfernen, wenn das Unternehmen Verst\u00f6\u00dfe gegen die Allgemeinen Gesch\u00e4ftsbedingungen oder andere darin enthaltenen Vereinbarungen\/Richtlinien vermutet oder Anfragen von Strafverfolgungsbeh\u00f6rden bzw. anderen Regierungsbeh\u00f6rden oder andere Gr\u00fcnde vorliegen, die&nbsp;Edvantis&nbsp;f\u00fcr eine entsprechende Beendigung\/Entfernung als angemessen erachtet.Sie erkl\u00e4ren sich ferner einverstanden, dass eine solche Beendigung dem alleinigen Ermessen von&nbsp;Edvantis&nbsp;unterliegt und dass&nbsp;Edvantis&nbsp;bei der Beendigung Ihres Zugriffs auf diese Website weder gegen\u00fcber Ihnen noch Dritten haftbar ist.<\/p>\n\n\n\n<h2 class=\"wp-block-heading\"><strong>Urheberrecht<\/strong><\/h2>\n\n\n\n<p>Eine Nutzung von Website-Inhalte wie Texten, Bildern, Grafiken, Videos, Logos und Symbolen ist ausschlie\u00dflich&nbsp;Edvantis&nbsp;und\/oder seinen Tochtergesellschaften gestattet und unterliegt dem Urheberrecht \u2013 eine Nutzung dieser Objekte zu kommerziellen Zwecken ist strengstens untersagt.Die Website-Inhalte d\u00fcrfen unter keinen Umst\u00e4nden und in keiner Form ohne vorherige Genehmigung kopiert, vervielf\u00e4ltigt, ge\u00e4ndert (einschlie\u00dflich der Manipulation durch technische Sicherheitsma\u00dfnahmen der Website), ver\u00f6ffentlicht, verkauft, wiederverkauft oder verbreitet werden.Eine unzul\u00e4ssige Nutzung von Informationen verst\u00f6\u00dft unter Umst\u00e4nden gegen Urheberrechte, Markenrechte oder andere geltenden Gesetze.Wenn Sie eine Genehmigung f\u00fcr die Nutzung der Website-Inhalte zu kommerziellen Zwecken ben\u00f6tigen, k\u00f6nnen Sie uns unter&nbsp;<a href=\"mailto:marketing@edvantis.com\">marketing@edvantis.com<\/a>&nbsp;kontaktieren.<\/p>\n\n\n\n<h2 class=\"wp-block-heading\"><strong>Nutzung der Website-Inhalte<\/strong><\/h2>\n\n\n\n<p>Im Einklang mit diesen Allgemeinen Gesch\u00e4ftsbedingungen gew\u00e4hrt Ihnen&nbsp;Edvantis&nbsp;eine begrenzte, nicht exklusive und widerrufbare Genehmigung, die bereitgestellten Marketinginhalte f\u00fcr interne und gesch\u00e4ftliche Zwecke zu nutzen, zu durchsuchen und herunterzuladen, sofern Sie die Allgemeinen Gesch\u00e4ftsbedingungen einhalten und die Inhalte nicht ver\u00e4ndern; das gilt auch f\u00fcr die Speicherung aller Urheberrechtsvermerke und Eigentumshinweise, die auf der Website angezeigt werden.Eine anderweitige Nutzung der Inhalte dieser Website ohne vorherige Genehmigung von&nbsp;Edvantis&nbsp;ist strengstens untersagt.<\/p>\n\n\n\n<p>Wenn Sie Teile der auf der Website ver\u00f6ffentlichten oder \u00fcber sie bereitgestellten Materialien entgegen den Allgemeinen Gesch\u00e4ftsbedingungen ausdrucken, kopieren oder herunterladen, erlischt Ihr Recht zur Nutzung der Website umgehend und Sie m\u00fcssen ggf. alle Kopien, die Sie angefertigt haben, zur\u00fcckgeben oder zerst\u00f6ren.<\/p>\n\n\n\n<h2 class=\"wp-block-heading\"><strong>Handelsmarken<\/strong><\/h2>\n\n\n\n<p>Der Name \u201eEdvantis\u201c und die \u201eEdvantis\u201c-Logos d\u00fcrfen ohne vorherige Genehmigung durch&nbsp;Edvantis&nbsp;in keiner Weise verwendet, ver\u00f6ffentlicht oder beworben werden.Alle anderen auf der Website verwendeten oder aufgef\u00fchrten Produkt- oder Unternehmensnamen sind oder k\u00f6nnen Handelsmarken (\u2122) oder eingetragene Handelsmarken (\u00ae) der jeweiligen Inhaber sein.Ihre Verwendung deutet auf keine Zugeh\u00f6rigkeit zu den Unternehmen oder Bef\u00fcrwortung durch sie hin.Keine Bestimmung der Website ist so zu verstehen, dass dadurch das Recht zur Nutzung einer Handelsmarke oder eines anderen von&nbsp;Edvantis&nbsp;geschaffenen geistigen Eigentums gew\u00e4hrt wird.<\/p>\n\n\n\n<h2 class=\"wp-block-heading\"><strong>Haftungsbeschr\u00e4nkung<\/strong><\/h2>\n\n\n\n<p>Sofern nicht anderweitig durch geltendes Recht vorgeschrieben, \u00fcbernehmen wir keine Verantwortung und haften nicht f\u00fcr Verluste oder Sch\u00e4den, die sich auf den Vertrag, eine unerlaubte Handlung (u.\u202fa. Fahrl\u00e4ssigkeit), die Verletzung gesetzlicher Pflichten oder einen anderen Grund st\u00fctzen, selbst wenn diese vorhersehbar sind, und aus oder in Verbindung mit Folgendem entstehen:<\/p>\n\n\n\n<ul class=\"wp-block-list\"><li>der Nutzung oder Abh\u00e4ngigkeit von Informationen, Meinungen, Inhalten und\/oder Materialien, die auf der Website zu finden sind oder in Verbindung mit ihr bereitgestellt werden, oder<\/li><li>einer Unterbrechung oder Versp\u00e4tung des Zugriffs auf bzw. der Nutzung der Website oder der Unm\u00f6glichkeit des Zugriffs auf bzw. der Nutzung dieser Website.<\/li><\/ul>\n\n\n\n<p>Das schlie\u00dft u.\u202fa. Folgendes mit ein: Gewinnausf\u00e4lle, Umsatzverluste, Gesch\u00e4ftsausf\u00e4lle oder Einkommensverluste; Verlust von Programmen oder anderen Daten; Betriebsunterbrechung; Verlust von erwarteten Ersparnissen; Verlust von Gesch\u00e4ftsm\u00f6glichkeiten, Firmenwert oder Ruf; \u00fcberfl\u00fcssiger Zeitaufwand im Management sowie indirekte oder Folgeverluste bzw. -sch\u00e4den.<\/p>\n\n\n\n<p>Neben den gesetzlich geregelten F\u00e4llen haften wir nicht f\u00fcr Verluste oder Sch\u00e4den, die durch die oder in Verbindung mit der Nutzung der Website durch Sie an Ihrer Informationstechnologie, Plattform, Ihren Computerprogrammen, Daten oder anderen gesch\u00fctzten Materialien entstehen.<\/p>\n\n\n\n<h2 class=\"wp-block-heading\"><strong>Haftungsausschluss<\/strong><\/h2>\n\n\n\n<p>Diese Website und alle darin enthaltenen Informationen werden ohne Gew\u00e4hr und Anspruch auf Vollst\u00e4ndigkeit bereitgestellt.Im Rahmen der gesetzlichen Bestimmungen schlie\u00dfen wir alle ausdr\u00fccklichen und stillschweigenden Bedingungen, Garantien und Darstellungen in Verbindung mit der Website aus.Dar\u00fcber hinaus geben wir keine Erkl\u00e4rungen, Garantien oder Zusicherungen zur Qualit\u00e4t, Richtigkeit, Vollst\u00e4ndigkeit oder Zwecktauglichkeit der Website-Inhalte.Alle Informationen, die in Verbindung mit der Website bereitgestellt werden, beziehen sich auf Gegebenheiten zur Zeit ihrer urspr\u00fcnglichen Ver\u00f6ffentlichung; sie wurden unter Umst\u00e4nden nicht aktualisiert, um sp\u00e4teren Entwicklungen Rechnung zu tragen.<\/p>\n\n\n\n<p>Die auf der Website ver\u00f6ffentlichten Inhalte, Dokumente, Texte und zugeh\u00f6rigen Abbildungen k\u00f6nnen technische Ungenauigkeiten und typografische Fehler enthalten.Edvantis&nbsp;kann die Website-Inhalte jederzeit und ohne Ank\u00fcndigung \u00e4ndern und\/oder verbessern.<\/p>\n\n\n\n<p>Ohne Einschr\u00e4nkung der oben genannten Punkte \u00fcbernehmen wir keine Garantie, dass Sie die Website ohne Unterbrechung, fristgerecht, sicher oder fehlerfrei nutzen k\u00f6nnen und dass alle M\u00e4ngel behoben sein werden.Es ergibt sich kein Garantieanspruch aus m\u00fcndlichen oder schriftlichen Empfehlungen oder Informationen, die Sie \u00fcber die Website oder von uns bzw. unseren Tochtergesellschaften\/anderen verbundenen Unternehmen erhalten haben.Entsch\u00e4digungsleistungen lehnen wir ab.<\/p>\n\n\n\n<h2 class=\"wp-block-heading\"><strong>Nutzung der Website durch Sie<\/strong><\/h2>\n\n\n\n<p>Sie d\u00fcrfen unsere Website nicht verwenden,<\/p>\n\n\n\n<ul class=\"wp-block-list\"><li>wenn Sie dadurch gegen Gesetze, Regeln, Verordnungen, Beschl\u00fcsse, Urteile oder Rechtsvorschriften versto\u00dfen oder Ihre Nutzung einem rechtswidrigen oder unmoralischen Zweck dient oder entsprechende Folgen hat;<\/li><li>um ungebetene oder unzul\u00e4ssige Werbematerialien oder \u00e4hnliche Mitteilungen zu \u00fcbertragen oder einen entsprechenden Versand zu veranlassen;<\/li><li>um Materialien oder Informationen zu senden, anzufordern, hochzuladen, herunterzuladen, zu ver\u00f6ffentlichen, zu verbreiten, zu \u00fcbertragen, zu verwenden oder wiederzuverwenden, die fehlerhaft, illegal, diffamierend, verleumderisch, obsz\u00f6n, beleidigend, missbr\u00e4uchlich, hasserf\u00fcllt, bedrohlich, hetzerisch, sch\u00e4dlich, verletzend, pornografisch, diskriminierend, anst\u00f6\u00dfig, unerbeten, unzul\u00e4ssig, rechtswidrig oder unangemessen sind bzw. Sie oder uns dem Risiko eines Rechtsverfahrens oder einer Rufsch\u00e4digung auszusetzen; oder<\/li><li>um andere zu bedrohen, zu bel\u00e4stigen, zu stalken, zu beleidigen, zu st\u00f6ren oder anderweitig gegen ihre Rechte zu versto\u00dfen.<\/li><\/ul>\n\n\n\n<p>Wenn Sie sich einer Funktion auf dieser Website bedienen, \u00fcber die Sie Materialien hochladen oder ver\u00f6ffentlichen k\u00f6nnen, m\u00fcssen Sie gew\u00e4hrleisten, dass die jeweiligen Beitr\u00e4ge rechtskonform sind und nicht gegen Rechte geistigen Eigentums, Datenschutz- oder Geheimhaltungsrechte Dritter bzw. rechtliche oder vertragliche Pflichten versto\u00dfen, die Sie gegen\u00fcber Dritten haben.Alle von Ihnen auf unsere Website hochgeladenen Materialien werden als nicht urheberrechtlich gesch\u00fctzt angesehen.Gegen\u00fcber Dritten \u00fcbernehmen wir keine Verantwortung oder Haftung f\u00fcr die Inhalte oder Richtigkeit der von Ihnen ver\u00f6ffentlichen Materialien.<\/p>\n\n\n\n<p>Wenn Sie darum gebeten werden, in Verbindung mit unserer Website Informationen bereitzustellen, sichern Sie zu, dass diese wahrheitsgetreu, aktuell und vollst\u00e4ndig sind.Unter Umst\u00e4nden k\u00f6nnen wir Ihnen keine passenden Dienste oder Informationen anbieten, wenn Sie nicht das Mindestma\u00df der vorgeschriebenen Informationen angeben.Sie m\u00fcssen keine optionalen Informationen angeben, nach denen Sie gefragt werden.Pflichtangaben sind durch ein Sternchen (*) gekennzeichnet.Bitte geben Sie keine vertraulichen oder gesch\u00fctzten Informationen auf der Website an.<\/p>\n\n\n\n<h2 class=\"wp-block-heading\"><strong>Viren und Kompatibilit\u00e4t<\/strong><\/h2>\n\n\n\n<p>Wir haben geeignete Ma\u00dfnahmen unternommen, um Computerviren zu erkennen, k\u00f6nnen jedoch nicht garantieren, dass unsere Website stets frei von Fehlfunktionen, M\u00e4ngeln, Programmfehlern oder Viren ist oder korrekt und wie erwartet funktioniert.Wir haften nicht f\u00fcr Verluste oder Sch\u00e4den, die u.\u202fa. auf Viren, Distributed-Denial-of-Service-Angriffe oder andere technisch sch\u00e4dliche Materialien zur\u00fcckzuf\u00fchren sind, die Ihre Computer-Hardware, Computerprogramme, Daten oder andere Materialien infizieren k\u00f6nnen.<\/p>\n\n\n\n<p>Sie m\u00fcssen Ihre Informationstechnologie, Computerprogramme und Plattform selbst konfigurieren, um auf unsere Website zuzugreifen, und m\u00fcssen diese Elemente durch Antivirussoftware, eine Firewall und andere technische Ma\u00dfnahmen sch\u00fctzen.Wir garantieren nicht, dass unsere Website mit Ihrer Informationstechnologie, Ihren Computerprogrammen und Ihrer Plattform kompatibel ist.<\/p>\n\n\n\n<p>Sie d\u00fcrfen unsere Website nicht missbr\u00e4uchlich verwenden, indem Sie Viren, Trojaner, W\u00fcrmer, logische Bomben, Keylogger, Spionagesoftware, Adware und\/oder andere Schadprogramme oder \u00e4hnliche Computercodes wissentlich einschleusen, die den Betrieb von Computer-Hard- oder -Software beeintr\u00e4chtigen sollen oder anderweitig sch\u00e4digend oder technologisch sch\u00e4dlich sind.Sie d\u00fcrfen unserer Website nicht mit einem&nbsp;Denial-of-Service-Angriff oder einem Distributed-Denial-of-Service-Angriff schaden oder sie anderweitig angreifen.<\/p>\n\n\n\n<h2 class=\"wp-block-heading\"><strong>Datenschutz und Cookies<\/strong><\/h2>\n\n\n\n<p>Unsere&nbsp;Datenschutzrichtlinie&nbsp;erkl\u00e4rt, wie wir personenbezogene Daten erheben und nutzen und informiert Sie \u00fcber die von uns verwendeten Cookies.<\/p>\n\n\n\n<h2 class=\"wp-block-heading\"><strong>Links zur Website<\/strong><\/h2>\n\n\n\n<p>Links zu dieser Website sind ohne vorherige schriftliche Genehmigung von&nbsp;Edvantis&nbsp;nicht gestattet; diese k\u00f6nnen Sie unter&nbsp;<a href=\"mailto:info@edvantis.com\">marketing@edvantis.com<\/a> anfordern.<\/p>\n\n\n\n<p>Diese Website darf auf anderen Websites nicht mit einem Frame versehen werden.<\/p>\n\n\n\n<h2 class=\"wp-block-heading\"><strong>Salvatorische Klausel<\/strong><\/h2>\n\n\n\n<p>Sollten einzelne Bestimmungen dieser Allgemeinen Gesch\u00e4ftsbedingungen ganz oder teilweise unwirksam oder undurchf\u00fchrbar sein, so wird davon die G\u00fcltigkeit und Durchf\u00fchrbarkeit der \u00fcbrigen Bestimmungen der Allgemeinen Gesch\u00e4ftsbedingungen nicht ber\u00fchrt.Anstelle der ung\u00fcltigen oder nicht in diese Allgemeine Gesch\u00e4ftsbedingungen aufgenommenen Bestimmungen treten die jeweiligen Rechtsvorschriften.In allen anderen F\u00e4llen haben sich die Parteien auf eine g\u00fcltige Bestimmung zu einigen, die die ung\u00fcltige oder undurchf\u00fchrbare Bestimmung ersetzt und dem urspr\u00fcnglichen wirtschaftlichen Zweck so nah wie m\u00f6glich kommt, sofern eine zus\u00e4tzliche Auslegung der Allgemeinen Gesch\u00e4ftsbedingungen nicht vorrangig oder nicht m\u00f6glich ist.<\/p>\n\n\n\n<h2 class=\"wp-block-heading\"><strong>Verzichtserkl\u00e4rung<\/strong><\/h2>\n\n\n\n<p>Auf unsere durch diese Allgemeinen Gesch\u00e4ftsbedingungen gew\u00e4hrten Rechte darf nur schriftlich verzichtet werden.<\/p>\n\n\n\n<h2 class=\"wp-block-heading\"><strong>Kontakt<\/strong><\/h2>\n\n\n\n<p>Wenn Sie Fragen zu den Allgemeinen Gesch\u00e4ftsbedingungen haben oder eine entsprechende gedruckte Version anfordern m\u00f6chten, kontaktieren Sie uns unter:&nbsp;<a href=\"mailto:info@edvantis.com\">marketing@edvantis.com<\/a>.<\/p>\n","protected":false},"excerpt":{"rendered":"<p>LETZTE AKTUALISIERUNG: Januar 2021 Diese Website,&nbsp;www.edvantis.com&nbsp;(die \u201eWebsite\u201c), befindet sich im Besitz von&nbsp;Edvantis&nbsp;und wird von&nbsp;Edvantis&nbsp;betrieben. Die folgenden Allgemeinen Gesch\u00e4ftsbedingungen sind eine rechtsverbindliche Vereinbarung zwischen Ihnen und&nbsp;Edvantis&nbsp;und beziehen sich auf die Bedingungen, nach denen Sie auf die Website und ihre Inhalte zugreifen, diese durchsuchen und nutzen k\u00f6nnen. Die Vereinbarung regelt ferner die Nutzung aller von uns bereitgestellter<\/p>\n","protected":false},"author":1,"featured_media":4230,"parent":0,"menu_order":0,"comment_status":"closed","ping_status":"closed","template":"template-page-default.php","meta":{"_acf_changed":false,"content-type":"","footnotes":""},"class_list":["post-2026","page","type-page","status-publish","has-post-thumbnail","hentry"],"acf":[],"yoast_head":"<!-- This site is optimized with the Yoast SEO plugin v27.1.1 - https:\/\/yoast.com\/product\/yoast-seo-wordpress\/ -->\n<title>Allgemeine Gesch\u00e4ftsbedingungen - Edvantis<\/title>\n<meta name=\"description\" content=\"Diese Nutzungsbedingungen helfen uns, die Beziehung zu Ihnen zu regeln, wenn Sie auf unsere Website und deren Inhalt zugreifen. Bitte lesen Sie die Bedingungen, bevor Sie unsere Website nutzen.\" \/>\n<meta name=\"robots\" content=\"index, follow, max-snippet:-1, max-image-preview:large, max-video-preview:-1\" \/>\n<link rel=\"canonical\" href=\"https:\/\/www.edvantis.com\/de\/allgemeine-geschaftsbedingungen\/\" \/>\n<meta property=\"og:locale\" content=\"de_DE\" \/>\n<meta property=\"og:type\" content=\"article\" \/>\n<meta property=\"og:title\" content=\"Allgemeine Gesch\u00e4ftsbedingungen - Edvantis\" \/>\n<meta property=\"og:description\" content=\"Diese Nutzungsbedingungen helfen uns, die Beziehung zu Ihnen zu regeln, wenn Sie auf unsere Website und deren Inhalt zugreifen. Bitte lesen Sie die Bedingungen, bevor Sie unsere Website nutzen.\" \/>\n<meta property=\"og:url\" content=\"https:\/\/www.edvantis.com\/de\/allgemeine-geschaftsbedingungen\/\" \/>\n<meta property=\"og:site_name\" content=\"Edvantis\" \/>\n<meta property=\"article:modified_time\" content=\"2022-11-07T10:07:52+00:00\" \/>\n<meta property=\"og:image\" content=\"https:\/\/www.edvantis.com\/wp-content\/uploads\/2021\/03\/Terms-conditions_featured-img.jpg\" \/>\n\t<meta property=\"og:image:width\" content=\"700\" \/>\n\t<meta property=\"og:image:height\" content=\"394\" \/>\n\t<meta property=\"og:image:type\" content=\"image\/jpeg\" \/>\n<meta name=\"twitter:card\" content=\"summary_large_image\" \/>\n<meta name=\"twitter:label1\" content=\"Est. reading time\" \/>\n\t<meta name=\"twitter:data1\" content=\"7 minutes\" \/>\n<script type=\"application\/ld+json\" class=\"yoast-schema-graph\">{\"@context\":\"https:\/\/schema.org\",\"@graph\":[{\"@type\":\"WebPage\",\"@id\":\"https:\/\/www.edvantis.com\/de\/allgemeine-geschaftsbedingungen\/\",\"url\":\"https:\/\/www.edvantis.com\/de\/allgemeine-geschaftsbedingungen\/\",\"name\":\"Allgemeine Gesch\u00e4ftsbedingungen - Edvantis\",\"isPartOf\":{\"@id\":\"https:\/\/www.edvantis.com\/de\/#website\"},\"primaryImageOfPage\":{\"@id\":\"https:\/\/www.edvantis.com\/de\/allgemeine-geschaftsbedingungen\/#primaryimage\"},\"image\":{\"@id\":\"https:\/\/www.edvantis.com\/de\/allgemeine-geschaftsbedingungen\/#primaryimage\"},\"thumbnailUrl\":\"https:\/\/www.edvantis.com\/wp-content\/uploads\/2021\/03\/Terms-conditions_featured-img.jpg\",\"datePublished\":\"2020-12-31T12:38:11+00:00\",\"dateModified\":\"2022-11-07T10:07:52+00:00\",\"description\":\"Diese Nutzungsbedingungen helfen uns, die Beziehung zu Ihnen zu regeln, wenn Sie auf unsere Website und deren Inhalt zugreifen. Bitte lesen Sie die Bedingungen, bevor Sie unsere Website nutzen.\",\"breadcrumb\":{\"@id\":\"https:\/\/www.edvantis.com\/de\/allgemeine-geschaftsbedingungen\/#breadcrumb\"},\"inLanguage\":\"de\",\"potentialAction\":[{\"@type\":\"ReadAction\",\"target\":[\"https:\/\/www.edvantis.com\/de\/allgemeine-geschaftsbedingungen\/\"]}]},{\"@type\":\"ImageObject\",\"inLanguage\":\"de\",\"@id\":\"https:\/\/www.edvantis.com\/de\/allgemeine-geschaftsbedingungen\/#primaryimage\",\"url\":\"https:\/\/www.edvantis.com\/wp-content\/uploads\/2021\/03\/Terms-conditions_featured-img.jpg\",\"contentUrl\":\"https:\/\/www.edvantis.com\/wp-content\/uploads\/2021\/03\/Terms-conditions_featured-img.jpg\",\"width\":700,\"height\":394,\"caption\":\"3d rendering of Circles, Pattern, Backgrounds, Abstract, White background.\"},{\"@type\":\"BreadcrumbList\",\"@id\":\"https:\/\/www.edvantis.com\/de\/allgemeine-geschaftsbedingungen\/#breadcrumb\",\"itemListElement\":[{\"@type\":\"ListItem\",\"position\":1,\"name\":\"Startseite\",\"item\":\"https:\/\/www.edvantis.com\/de\/\"},{\"@type\":\"ListItem\",\"position\":2,\"name\":\"Allgemeine Gesch\u00e4ftsbedingungen\"}]},{\"@type\":\"WebSite\",\"@id\":\"https:\/\/www.edvantis.com\/de\/#website\",\"url\":\"https:\/\/www.edvantis.com\/de\/\",\"name\":\"Edvantis\",\"description\":\"Edvantis | IT Outsourcing &amp; Custom Software Development\",\"potentialAction\":[{\"@type\":\"SearchAction\",\"target\":{\"@type\":\"EntryPoint\",\"urlTemplate\":\"https:\/\/www.edvantis.com\/de\/?s={search_term_string}\"},\"query-input\":{\"@type\":\"PropertyValueSpecification\",\"valueRequired\":true,\"valueName\":\"search_term_string\"}}],\"inLanguage\":\"de\"}]}<\/script>\n<!-- \/ Yoast SEO plugin. -->","yoast_head_json":{"title":"Allgemeine Gesch\u00e4ftsbedingungen - Edvantis","description":"Diese Nutzungsbedingungen helfen uns, die Beziehung zu Ihnen zu regeln, wenn Sie auf unsere Website und deren Inhalt zugreifen. Bitte lesen Sie die Bedingungen, bevor Sie unsere Website nutzen.","robots":{"index":"index","follow":"follow","max-snippet":"max-snippet:-1","max-image-preview":"max-image-preview:large","max-video-preview":"max-video-preview:-1"},"canonical":"https:\/\/www.edvantis.com\/de\/allgemeine-geschaftsbedingungen\/","og_locale":"de_DE","og_type":"article","og_title":"Allgemeine Gesch\u00e4ftsbedingungen - Edvantis","og_description":"Diese Nutzungsbedingungen helfen uns, die Beziehung zu Ihnen zu regeln, wenn Sie auf unsere Website und deren Inhalt zugreifen. Bitte lesen Sie die Bedingungen, bevor Sie unsere Website nutzen.","og_url":"https:\/\/www.edvantis.com\/de\/allgemeine-geschaftsbedingungen\/","og_site_name":"Edvantis","article_modified_time":"2022-11-07T10:07:52+00:00","og_image":[{"width":700,"height":394,"url":"https:\/\/www.edvantis.com\/wp-content\/uploads\/2021\/03\/Terms-conditions_featured-img.jpg","type":"image\/jpeg"}],"twitter_card":"summary_large_image","twitter_misc":{"Est. reading time":"7 minutes"},"schema":{"@context":"https:\/\/schema.org","@graph":[{"@type":"WebPage","@id":"https:\/\/www.edvantis.com\/de\/allgemeine-geschaftsbedingungen\/","url":"https:\/\/www.edvantis.com\/de\/allgemeine-geschaftsbedingungen\/","name":"Allgemeine Gesch\u00e4ftsbedingungen - Edvantis","isPartOf":{"@id":"https:\/\/www.edvantis.com\/de\/#website"},"primaryImageOfPage":{"@id":"https:\/\/www.edvantis.com\/de\/allgemeine-geschaftsbedingungen\/#primaryimage"},"image":{"@id":"https:\/\/www.edvantis.com\/de\/allgemeine-geschaftsbedingungen\/#primaryimage"},"thumbnailUrl":"https:\/\/www.edvantis.com\/wp-content\/uploads\/2021\/03\/Terms-conditions_featured-img.jpg","datePublished":"2020-12-31T12:38:11+00:00","dateModified":"2022-11-07T10:07:52+00:00","description":"Diese Nutzungsbedingungen helfen uns, die Beziehung zu Ihnen zu regeln, wenn Sie auf unsere Website und deren Inhalt zugreifen. Bitte lesen Sie die Bedingungen, bevor Sie unsere Website nutzen.","breadcrumb":{"@id":"https:\/\/www.edvantis.com\/de\/allgemeine-geschaftsbedingungen\/#breadcrumb"},"inLanguage":"de","potentialAction":[{"@type":"ReadAction","target":["https:\/\/www.edvantis.com\/de\/allgemeine-geschaftsbedingungen\/"]}]},{"@type":"ImageObject","inLanguage":"de","@id":"https:\/\/www.edvantis.com\/de\/allgemeine-geschaftsbedingungen\/#primaryimage","url":"https:\/\/www.edvantis.com\/wp-content\/uploads\/2021\/03\/Terms-conditions_featured-img.jpg","contentUrl":"https:\/\/www.edvantis.com\/wp-content\/uploads\/2021\/03\/Terms-conditions_featured-img.jpg","width":700,"height":394,"caption":"3d rendering of Circles, Pattern, Backgrounds, Abstract, White background."},{"@type":"BreadcrumbList","@id":"https:\/\/www.edvantis.com\/de\/allgemeine-geschaftsbedingungen\/#breadcrumb","itemListElement":[{"@type":"ListItem","position":1,"name":"Startseite","item":"https:\/\/www.edvantis.com\/de\/"},{"@type":"ListItem","position":2,"name":"Allgemeine Gesch\u00e4ftsbedingungen"}]},{"@type":"WebSite","@id":"https:\/\/www.edvantis.com\/de\/#website","url":"https:\/\/www.edvantis.com\/de\/","name":"Edvantis","description":"Edvantis | IT Outsourcing &amp; Custom Software Development","potentialAction":[{"@type":"SearchAction","target":{"@type":"EntryPoint","urlTemplate":"https:\/\/www.edvantis.com\/de\/?s={search_term_string}"},"query-input":{"@type":"PropertyValueSpecification","valueRequired":true,"valueName":"search_term_string"}}],"inLanguage":"de"}]}},"_links":{"self":[{"href":"https:\/\/www.edvantis.com\/de\/wp-json\/wp\/v2\/pages\/2026","targetHints":{"allow":["GET"]}}],"collection":[{"href":"https:\/\/www.edvantis.com\/de\/wp-json\/wp\/v2\/pages"}],"about":[{"href":"https:\/\/www.edvantis.com\/de\/wp-json\/wp\/v2\/types\/page"}],"author":[{"embeddable":true,"href":"https:\/\/www.edvantis.com\/de\/wp-json\/wp\/v2\/users\/1"}],"replies":[{"embeddable":true,"href":"https:\/\/www.edvantis.com\/de\/wp-json\/wp\/v2\/comments?post=2026"}],"version-history":[{"count":0,"href":"https:\/\/www.edvantis.com\/de\/wp-json\/wp\/v2\/pages\/2026\/revisions"}],"wp:featuredmedia":[{"embeddable":true,"href":"https:\/\/www.edvantis.com\/de\/wp-json\/wp\/v2\/media\/4230"}],"wp:attachment":[{"href":"https:\/\/www.edvantis.com\/de\/wp-json\/wp\/v2\/media?parent=2026"}],"curies":[{"name":"wp","href":"https:\/\/api.w.org\/{rel}","templated":true}]}}