{"id":7017,"date":"2022-09-21T13:32:41","date_gmt":"2022-09-21T13:32:41","guid":{"rendered":"https:\/\/www.edvantis.com\/edvantis-cookie-policy\/"},"modified":"2023-06-14T10:25:19","modified_gmt":"2023-06-14T10:25:19","slug":"edvantis-cookie-policy","status":"publish","type":"page","link":"https:\/\/www.edvantis.com\/de\/edvantis-cookie-policy\/","title":{"rendered":"Cookie-Richtlinie"},"content":{"rendered":"\n<p><strong><strong>Diese Datenschutzrichtlinie ist g\u00fcltig ab dem 21 September 2022<\/strong><\/strong><\/p>\n\n\n\n<p>Bitte lesen Sie diese Cookie-Richtlinie (&#8220;Richtlinie&#8221;) sorgf\u00e4ltig durch, da sie beschreibt, wie Edvantis und seine angeschlossenen Unternehmen (&#8220;wir&#8221;, &#8220;uns&#8221; oder &#8220;unser&#8221;) Cookies einsetzen und wie Sie diese kontrollieren k\u00f6nnen. Diese Richtlinie sollte in Verbindung mit unserer Datenschutzrichtlinie gelesen werden, in der beschrieben wird, wie wir die personenbezogenen Daten (pers\u00f6nliche Informationen), die Sie uns durch Ihre Nutzung dieser Website zur Verf\u00fcgung stellen, sowie die Produkte, Dienstleistungen und Funktionen, die wir Ihnen im Rahmen unserer Website zur Verf\u00fcgung stellen (insgesamt die &#8220;Website&#8221;), erfassen und verwenden.<\/p>\n\n\n\n<h2 class=\"wp-block-heading\">Was sind Cookies?<\/h2>\n\n\n\n<p>Wie jede andere Website auch, verwendet edvantis.com &#8216;Cookies&#8217;. Cookie-Dateien (so genannte &#8220;Cookies&#8221;) sind IT-Daten, insbesondere Textdateien, die auf Ihrem Browser oder Ger\u00e4t gespeichert werden und f\u00fcr die Nutzung der Website unerl\u00e4sslich sind oder diese unterst\u00fctzen. Cookies enthalten in der Regel den Namen der Website, von der sie stammen, die Zeit, w\u00e4hrend der sie auf dem Ger\u00e4t gespeichert werden, und eine eindeutige Nummer. Sie erstellen ein Profil Ihrer abgeleiteten Interessen und demografischen Kategorien.<\/p>\n\n\n\n<p>Cookies werden verwendet, um Informationen zu speichern, darunter die Pr\u00e4ferenzen der Besucher und die Seiten der Website, die der Besucher aufgerufen oder besucht hat. Diese Informationen werden verwendet, um Ihre Erfahrung zu optimieren, indem wir den Inhalt unserer Webseite auf der Grundlage Ihres Browsertyps und\/oder anderer Informationen anpassen.<\/p>\n\n\n\n<p>Die Website verwendet zwei grundlegende Arten von Cookies: &#8220;Sitzungs-Cookies&#8221; (Session-Cookies) und &#8220;permanente&#8221; (persistent Cookies). Sitzungscookies sind tempor\u00e4re Dateien, die auf dem Endger\u00e4t des Benutzers gespeichert werden, bis der Benutzer die Website verl\u00e4sst oder den Webbrowser ausschaltet. &#8220;Permanente&#8221; Cookies werden auf dem Endger\u00e4t des Nutzers f\u00fcr die in den Cookie-Parametern angegebene Zeit oder bis zur L\u00f6schung durch den Nutzer gespeichert.<\/p>\n\n\n\n<h2 class=\"wp-block-heading\">Die Arten von Cookies, die wir verwenden<\/h2>\n\n\n\n<p>Im Folgenden finden Sie eine Liste der Arten von Cookies, die wir auf unserer Website verwenden m\u00f6chten:<\/p>\n\n\n\n<ul class=\"wp-block-list\">\n<li><strong><strong>unbedingt notwendige Cookies<\/strong><\/strong> \u2013 diese Cookies sind f\u00fcr das Funktionieren der Website erforderlich und k\u00f6nnen in unseren Systemen nicht ausgeschaltet werden. Sie werden in der Regel nur als Reaktion auf von Ihnen durchgef\u00fchrte Aktionen gesetzt, die einer Anfrage nach Dienstleistungen gleichkommen, wie z.B. die Einstellung Ihrer Datenschutzeinstellungen, das Einloggen oder das Ausf\u00fcllen von Formularen. Diese Cookies speichern keine pers\u00f6nlich identifizierbaren Informationen;<\/li>\n\n\n\n<li><strong><strong>funktionale Cookies<\/strong><\/strong> \u2013 werden ausschlie\u00dflich f\u00fcr die \u00dcbertragung einer Nachricht \u00fcber ein elektronisches Kommunikationsnetz verwendet. Die funktionalen Cookies werden nicht gel\u00f6scht, wenn Sie Ihren Browser schlie\u00dfen, und sind dauerhaft auf Ihrem Computer oder Ger\u00e4t gespeichert;<\/li>\n\n\n\n<li><strong><strong>analytische Cookies<\/strong><\/strong> \u2013 werden ausschlie\u00dflich zu statistischen Zwecken verwendet. Die analytischen Cookies erm\u00f6glichen es uns, Besuche und Verkehrsquellen zu z\u00e4hlen, damit wir die Leistung unserer Website messen und verbessern k\u00f6nnen. Alle Informationen, die diese Cookies sammeln, sind aggregiert und daher anonym. Wenn Sie diese Cookies nicht zulassen, wissen wir nicht, wann Sie unsere Website besucht haben und k\u00f6nnen ihre Leistung nicht \u00fcberwachen;<\/li>\n\n\n\n<li><strong><strong>Marketing-\/Tracking-Cookies<\/strong><\/strong> \u2013 werden ben\u00f6tigt, um Benutzerprofile zu erstellen, um Werbung zu versenden oder um den Benutzer auf einer Website oder \u00fcber mehrere Websites hinweg f\u00fcr \u00e4hnliche Marketingzwecke zu verfolgen. Die Marketing-\/Tracking-Cookies werden nicht gel\u00f6scht, wenn Sie Ihren Browser schlie\u00dfen, und werden dauerhaft auf Ihrem Computer oder Ger\u00e4t gespeichert. Wir tun dies, um Ihnen ein besseres Nutzererlebnis zu bieten und um unsere Website zu pflegen, zu betreiben und kontinuierlich zu verbessern.<\/li>\n<\/ul>\n\n\n\n<p>Sie haben das Recht zu entscheiden, ob Sie Cookies akzeptieren m\u00f6chten (mit Ausnahme der unbedingt notwendigen Cookies, die standardm\u00e4\u00dfig eingerichtet sind). Sie sind jedoch ein wichtiger Bestandteil der Funktionsweise unserer Website. Daher sollten Sie sich dar\u00fcber im Klaren sein, dass die Ablehnung oder Entfernung von Cookies die Verf\u00fcgbarkeit und Funktionalit\u00e4t der Website f\u00fcr Sie beeintr\u00e4chtigen kann.<\/p>\n\n\n\n<h2 class=\"wp-block-heading\">Von Drittanbietern gesetzte Cookies<\/h2>\n\n\n\n<p>Cookies von Drittanbietern sind Cookies, die von einer anderen Domain als der, die Sie besuchen, gesetzt werden. Wenn Sie unsere Website besuchen, k\u00f6nnen Drittanbieter Cookies in Ihrem Browser ablegen, auch wenn Sie kein eingeloggtes Mitglied dieser Organisationen sind. Dies liegt daran, dass Cookies von Drittanbietern nicht erfordern, dass Sie sich aktiv mit den Inhalten des Drittanbieters auseinandersetzen oder dessen Website besuchen, sondern lediglich eine Seite laden, auf der sich die Technologie des Drittanbieters befindet. Wir verwenden zum Beispiel Technologien von Drittanbietern wie Video- und Audio-Hosting-Plattformen, damit Sie auf unserer Website Videos ansehen und Podcasts anh\u00f6ren k\u00f6nnen. Die Anbieter dieser Technologien k\u00f6nnen Cookies in Ihrem Browser ablegen, wenn Sie die Seiten auf unserer Website besuchen, auf denen wir ihre Technologien verwenden. Diese Cookies k\u00f6nnen Drittanbieter \u00fcber Ihren Besuch auf unserer Website informieren, die diese nutzen k\u00f6nnen, um Ihnen gezielte Nachrichten und Werbung zukommen zu lassen. In jedem Fall werden diese Cookies nicht von uns gesetzt und wir haben keinen Zugriff auf die von ihnen gesammelten Informationen. Solche Cookies unterliegen den eigenen Cookie-Richtlinien der dritten Organisationen.<\/p>\n\n\n\n<p>Unsere Partner (z.B. Google Analytics, Facebook, LinkedIn usw.) k\u00f6nnen diese Technologien auf unserer Website verwenden, um uns zu helfen, Sie besser zu verstehen. Informationen zum Datenschutz und zu Cookies in Bezug auf die Dienste von Drittanbietern finden Sie in deren Datenschutz- bzw. Cookie-Richtlinien.<\/p>\n\n\n\n<h2 class=\"wp-block-heading\">Wie Sie Cookies \u00fcber Ihren Browser verwalten k\u00f6nnen<\/h2>\n\n\n\n<p>Im Abschnitt &#8220;Hilfe&#8221; in der Men\u00fcleiste der meisten Internetbrowser erfahren Sie, wie Sie Ihren Browser davon abhalten, neue Cookies zu akzeptieren, wie Sie den Browser dazu bringen, Sie zu benachrichtigen, wenn Sie ein neues Cookie erhalten und wie Sie Cookies ganz deaktivieren k\u00f6nnen. Bitte beachten Sie, dass Ihnen bestimmte Funktionen der Website m\u00f6glicherweise nicht mehr zur Verf\u00fcgung stehen, wenn Sie Cookies deaktivieren. Sie k\u00f6nnen Ihre Cookie-Einstellungen auch \u00fcber die folgenden Links f\u00fcr einige der g\u00e4ngigsten Internetbrowser verwalten:<\/p>\n\n\n\n<p>Internet Explorer &#8211; <a href=\"https:\/\/support.microsoft.com\/en-us\/search?query=Enable%20cookies&amp;p=\" target=\"_blank\" rel=\"noreferrer noopener\">https:\/\/support.microsoft.com\/en-us\/search?query=Enable%20cookies&amp;p=<\/a>&nbsp;<br>Google Chrome &#8211; <a href=\"https:\/\/support.google.com\/chrome\/bin\/answer.py?hl=en-GB&amp;answer=95647&amp;p=cpn_cookies\" target=\"_blank\" rel=\"noreferrer noopener\">https:\/\/support.google.com\/chrome\/bin\/answer.py?hl=en-GB&amp;answer=95647&amp;p=cpn_cookies<\/a>&nbsp;<br>Firefox- <a href=\"https:\/\/support.mozilla.org\/en-US\/kb\/Blocking%20cookies\" target=\"_blank\" rel=\"noreferrer noopener\">http:\/\/support.mozilla.org\/en-US\/kb\/Blocking%20cookies<\/a>&nbsp;<br>Safari &#8211; <a href=\"https:\/\/support.apple.com\/kb\/ph19214?locale=en_US\" target=\"_blank\" rel=\"noreferrer noopener\">https:\/\/support.apple.com\/kb\/ph19214?locale=en_US<\/a>&nbsp;<br>Opera \u2013 <a href=\"https:\/\/www.opera.com\/help\/tutorials\/security\/privacy\/\" target=\"_blank\" rel=\"noreferrer noopener\">http:\/\/www.opera.com\/help\/tutorials\/security\/privacy\/<\/a>&nbsp;<\/p>\n\n\n\n<p>Weitere Informationen \u00fcber die Verwendung der Einstellungen Ihres Browsers zur Kontrolle von Cookies finden Sie unter:<a href=\"https:\/\/allaboutcookies.org\/\" target=\"_blank\" rel=\"noreferrer noopener\"> www.allaboutcookies.org<\/a>.<\/p>\n\n\n\n<p>Nachdem Sie die Cookies Ihres Browsers gel\u00f6scht haben, werden Sie, wenn Sie unsere Website erneut aufrufen, aufgefordert, Cookies zu akzeptieren oder abzulehnen. Wenn Sie \u00fcber mobile Ger\u00e4te auf unsere Website zugreifen, k\u00f6nnen Sie eine &#8220;Nicht verfolgen&#8221; (do not track) Funktion aktivieren, um interessenbezogene Werbung auf einem iOS- oder Android-Mobilger\u00e4t zu kontrollieren, indem Sie die Option &#8220;Tracking einschr\u00e4nken&#8221; im Abschnitt &#8220;Datenschutz&#8221; Ihrer Einstellungen auf iOS oder \u00fcber die Werbeeinstellungen auf Android-Ger\u00e4ten (z. B. in den Google-Einstellungen) ausw\u00e4hlen. Dies verhindert zwar nicht die Anzeige von Werbung, bedeutet aber, dass diese nicht mehr auf Ihre Interessen zugeschnitten ist.<\/p>\n\n\n\n<p>Sie k\u00f6nnen der Verwendung von Cookies, die bereits auf dieser Website eingerichtet sind, jederzeit widersprechen, indem Sie uns unter der folgenden Adresse kontaktieren: <a href=\"mailto:privacy@edvantis.com\" target=\"_blank\" rel=\"noreferrer noopener\">privacy@edvantis.com<\/a>.&nbsp;<\/p>\n\n\n\n<h2 class=\"wp-block-heading\">\u00c4nderungen an der Richtlinie<\/h2>\n\n\n\n<p>Wir k\u00f6nnen diese Richtlinie von Zeit zu Zeit \u00e4ndern. Wenn wir wesentliche \u00c4nderungen vornehmen, werden wir, sofern dies angemessen ist, Ma\u00dfnahmen ergreifen, um Sie zu informieren, beispielsweise durch einen auff\u00e4lligen Link zu einer Beschreibung dieser \u00c4nderungen auf unserer Website w\u00e4hrend eines angemessenen Zeitraums oder durch andere Mittel, wie z.B. eine E-Mail.<\/p>\n\n\n\n<h2 class=\"wp-block-heading\">Kontaktaufnahme<\/h2>\n\n\n\n<p>Wenn Sie Fragen zu unserer Verwendung von Cookies oder zu Ihren pers\u00f6nlichen Daten haben, lesen Sie bitte unsere Datenschutzrichtlinie oder kontaktieren Sie uns direkt: <a href=\"mailto:privacy@edvantis.com\" target=\"_blank\" rel=\"noreferrer noopener\">privacy@edvantis.com<\/a>.&nbsp;<\/p>\n","protected":false},"excerpt":{"rendered":"<p>Diese Datenschutzrichtlinie ist g\u00fcltig ab dem 21 September 2022 Bitte lesen Sie diese Cookie-Richtlinie (&#8220;Richtlinie&#8221;) sorgf\u00e4ltig durch, da sie beschreibt, wie Edvantis und seine angeschlossenen Unternehmen (&#8220;wir&#8221;, &#8220;uns&#8221; oder &#8220;unser&#8221;) Cookies einsetzen und wie Sie diese kontrollieren k\u00f6nnen. Diese Richtlinie sollte in Verbindung mit unserer Datenschutzrichtlinie gelesen werden, in der beschrieben wird, wie wir die<\/p>\n","protected":false},"author":15,"featured_media":0,"parent":0,"menu_order":0,"comment_status":"closed","ping_status":"closed","template":"template-page-default.php","meta":{"_acf_changed":false,"content-type":"","footnotes":""},"class_list":["post-7017","page","type-page","status-publish","hentry"],"acf":[],"yoast_head":"<!-- This site is optimized with the Yoast SEO plugin v27.1.1 - https:\/\/yoast.com\/product\/yoast-seo-wordpress\/ -->\n<title>Cookie-Richtlinie - Edvantis<\/title>\n<meta name=\"description\" content=\"Erfahren Sie, wie Edvantis Cookies verwendet und wie Sie sie kontrollieren k\u00f6nnen. Lesen Sie unsere Cookie-Richtlinie, um unseren Umgang mit personenbezogenen Daten auf unserer Website zu verstehen.\" \/>\n<meta name=\"robots\" content=\"index, follow, max-snippet:-1, max-image-preview:large, max-video-preview:-1\" \/>\n<link rel=\"canonical\" href=\"https:\/\/www.edvantis.com\/de\/edvantis-cookie-policy\/\" \/>\n<meta property=\"og:locale\" content=\"de_DE\" \/>\n<meta property=\"og:type\" content=\"article\" \/>\n<meta property=\"og:title\" content=\"Cookie-Richtlinie - Edvantis\" \/>\n<meta property=\"og:description\" content=\"Erfahren Sie, wie Edvantis Cookies verwendet und wie Sie sie kontrollieren k\u00f6nnen. Lesen Sie unsere Cookie-Richtlinie, um unseren Umgang mit personenbezogenen Daten auf unserer Website zu verstehen.\" \/>\n<meta property=\"og:url\" content=\"https:\/\/www.edvantis.com\/de\/edvantis-cookie-policy\/\" \/>\n<meta property=\"og:site_name\" content=\"Edvantis\" \/>\n<meta property=\"article:modified_time\" content=\"2023-06-14T10:25:19+00:00\" \/>\n<meta name=\"twitter:card\" content=\"summary_large_image\" \/>\n<meta name=\"twitter:label1\" content=\"Est. reading time\" \/>\n\t<meta name=\"twitter:data1\" content=\"5 minutes\" \/>\n<script type=\"application\/ld+json\" class=\"yoast-schema-graph\">{\"@context\":\"https:\/\/schema.org\",\"@graph\":[{\"@type\":\"WebPage\",\"@id\":\"https:\/\/www.edvantis.com\/de\/edvantis-cookie-policy\/\",\"url\":\"https:\/\/www.edvantis.com\/de\/edvantis-cookie-policy\/\",\"name\":\"Cookie-Richtlinie - Edvantis\",\"isPartOf\":{\"@id\":\"https:\/\/www.edvantis.com\/de\/#website\"},\"datePublished\":\"2022-09-21T13:32:41+00:00\",\"dateModified\":\"2023-06-14T10:25:19+00:00\",\"description\":\"Erfahren Sie, wie Edvantis Cookies verwendet und wie Sie sie kontrollieren k\u00f6nnen. Lesen Sie unsere Cookie-Richtlinie, um unseren Umgang mit personenbezogenen Daten auf unserer Website zu verstehen.\",\"breadcrumb\":{\"@id\":\"https:\/\/www.edvantis.com\/de\/edvantis-cookie-policy\/#breadcrumb\"},\"inLanguage\":\"de\",\"potentialAction\":[{\"@type\":\"ReadAction\",\"target\":[\"https:\/\/www.edvantis.com\/de\/edvantis-cookie-policy\/\"]}]},{\"@type\":\"BreadcrumbList\",\"@id\":\"https:\/\/www.edvantis.com\/de\/edvantis-cookie-policy\/#breadcrumb\",\"itemListElement\":[{\"@type\":\"ListItem\",\"position\":1,\"name\":\"Startseite\",\"item\":\"https:\/\/www.edvantis.com\/de\/\"},{\"@type\":\"ListItem\",\"position\":2,\"name\":\"Cookie-Richtlinie\"}]},{\"@type\":\"WebSite\",\"@id\":\"https:\/\/www.edvantis.com\/de\/#website\",\"url\":\"https:\/\/www.edvantis.com\/de\/\",\"name\":\"Edvantis\",\"description\":\"Edvantis | IT Outsourcing &amp; Custom Software Development\",\"potentialAction\":[{\"@type\":\"SearchAction\",\"target\":{\"@type\":\"EntryPoint\",\"urlTemplate\":\"https:\/\/www.edvantis.com\/de\/?s={search_term_string}\"},\"query-input\":{\"@type\":\"PropertyValueSpecification\",\"valueRequired\":true,\"valueName\":\"search_term_string\"}}],\"inLanguage\":\"de\"}]}<\/script>\n<!-- \/ Yoast SEO plugin. -->","yoast_head_json":{"title":"Cookie-Richtlinie - Edvantis","description":"Erfahren Sie, wie Edvantis Cookies verwendet und wie Sie sie kontrollieren k\u00f6nnen. Lesen Sie unsere Cookie-Richtlinie, um unseren Umgang mit personenbezogenen Daten auf unserer Website zu verstehen.","robots":{"index":"index","follow":"follow","max-snippet":"max-snippet:-1","max-image-preview":"max-image-preview:large","max-video-preview":"max-video-preview:-1"},"canonical":"https:\/\/www.edvantis.com\/de\/edvantis-cookie-policy\/","og_locale":"de_DE","og_type":"article","og_title":"Cookie-Richtlinie - Edvantis","og_description":"Erfahren Sie, wie Edvantis Cookies verwendet und wie Sie sie kontrollieren k\u00f6nnen. Lesen Sie unsere Cookie-Richtlinie, um unseren Umgang mit personenbezogenen Daten auf unserer Website zu verstehen.","og_url":"https:\/\/www.edvantis.com\/de\/edvantis-cookie-policy\/","og_site_name":"Edvantis","article_modified_time":"2023-06-14T10:25:19+00:00","twitter_card":"summary_large_image","twitter_misc":{"Est. reading time":"5 minutes"},"schema":{"@context":"https:\/\/schema.org","@graph":[{"@type":"WebPage","@id":"https:\/\/www.edvantis.com\/de\/edvantis-cookie-policy\/","url":"https:\/\/www.edvantis.com\/de\/edvantis-cookie-policy\/","name":"Cookie-Richtlinie - Edvantis","isPartOf":{"@id":"https:\/\/www.edvantis.com\/de\/#website"},"datePublished":"2022-09-21T13:32:41+00:00","dateModified":"2023-06-14T10:25:19+00:00","description":"Erfahren Sie, wie Edvantis Cookies verwendet und wie Sie sie kontrollieren k\u00f6nnen. Lesen Sie unsere Cookie-Richtlinie, um unseren Umgang mit personenbezogenen Daten auf unserer Website zu verstehen.","breadcrumb":{"@id":"https:\/\/www.edvantis.com\/de\/edvantis-cookie-policy\/#breadcrumb"},"inLanguage":"de","potentialAction":[{"@type":"ReadAction","target":["https:\/\/www.edvantis.com\/de\/edvantis-cookie-policy\/"]}]},{"@type":"BreadcrumbList","@id":"https:\/\/www.edvantis.com\/de\/edvantis-cookie-policy\/#breadcrumb","itemListElement":[{"@type":"ListItem","position":1,"name":"Startseite","item":"https:\/\/www.edvantis.com\/de\/"},{"@type":"ListItem","position":2,"name":"Cookie-Richtlinie"}]},{"@type":"WebSite","@id":"https:\/\/www.edvantis.com\/de\/#website","url":"https:\/\/www.edvantis.com\/de\/","name":"Edvantis","description":"Edvantis | IT Outsourcing &amp; Custom Software Development","potentialAction":[{"@type":"SearchAction","target":{"@type":"EntryPoint","urlTemplate":"https:\/\/www.edvantis.com\/de\/?s={search_term_string}"},"query-input":{"@type":"PropertyValueSpecification","valueRequired":true,"valueName":"search_term_string"}}],"inLanguage":"de"}]}},"_links":{"self":[{"href":"https:\/\/www.edvantis.com\/de\/wp-json\/wp\/v2\/pages\/7017","targetHints":{"allow":["GET"]}}],"collection":[{"href":"https:\/\/www.edvantis.com\/de\/wp-json\/wp\/v2\/pages"}],"about":[{"href":"https:\/\/www.edvantis.com\/de\/wp-json\/wp\/v2\/types\/page"}],"author":[{"embeddable":true,"href":"https:\/\/www.edvantis.com\/de\/wp-json\/wp\/v2\/users\/15"}],"replies":[{"embeddable":true,"href":"https:\/\/www.edvantis.com\/de\/wp-json\/wp\/v2\/comments?post=7017"}],"version-history":[{"count":0,"href":"https:\/\/www.edvantis.com\/de\/wp-json\/wp\/v2\/pages\/7017\/revisions"}],"wp:attachment":[{"href":"https:\/\/www.edvantis.com\/de\/wp-json\/wp\/v2\/media?parent=7017"}],"curies":[{"name":"wp","href":"https:\/\/api.w.org\/{rel}","templated":true}]}}